{"id":1418,"date":"2022-01-07T09:39:59","date_gmt":"2022-01-07T08:39:59","guid":{"rendered":"https:\/\/niedersachsen-aidshilfe-migration.de\/?page_id=1418"},"modified":"2022-02-28T13:25:01","modified_gmt":"2022-02-28T12:25:01","slug":"quest-ce-que-le-vih","status":"publish","type":"page","link":"https:\/\/niedersachsen-aidshilfe-migration.de\/fr\/vih-sida\/quest-ce-que-le-vih\/","title":{"rendered":"Qu&rsquo;est-ce que le VIH ?"},"content":{"rendered":"<p>Le VIH est un virus. VIH est l\u2019abr\u00e9viation de \u00ab\u00a0virus de l\u2019immunod\u00e9ficience humaine\u00a0\u00bb.<\/p>\n<p>Apr\u00e8s une infection, le virus se multiplie dans le sang. Il se propage ensuite dans certains fluides corporels comme le sperme et les s\u00e9cr\u00e9tions vaginales.<\/p>\n<p>Le VIH peut \u00eatre tr\u00e8s dangereux. Sans prise en charge et sans traitement, le VIH affaiblit et d\u00e9t\u00e9riore le syst\u00e8me immunitaire dans le corps. Le syst\u00e8me immunitaire correspond aux d\u00e9fenses de l\u2019organisme. Il lutte contre les agents responsables des maladies. Le syst\u00e8me immunitaire reconna\u00eet aussi les cellules du corps qui sont d\u00e9fectueuses. Il peut ensuite neutraliser ces cellules.<\/p>\n<p>Le VIH d\u00e9t\u00e9riore les d\u00e9fenses de l\u2019organisme. Le syst\u00e8me immunitaire ne fonctionne plus correctement. Les d\u00e9fenses de l\u2019organisme ne peuvent plus aider \u00e0 lutter efficacement contre les agents responsables des maladies ou les cellules d\u00e9fectueuses.<\/p>\n<p>Sans prise en charge et sans traitement, une infection par le VIH rend tr\u00e8s malade. En effet, le VIH d\u00e9truit toujours plus le syst\u00e8me immunitaire. Apr\u00e8s quelques ann\u00e9es, les personnes infect\u00e9es contractent presque toujours des maladies graves. Ce sont ces maladies que l\u2019on appelle le \u00ab\u00a0Sida\u00a0\u00bb. Sans traitement, les personnes infect\u00e9es meurent du Sida.<\/p>\n<p><strong>La bonne nouvelle, c\u2019est qu\u2019il existe des <a href=\"https:\/\/niedersachsen-aidshilfe-migration.de\/fr\/vivre-avec-le-vih\/medicaments-contre-le-vih\/\">traitements<\/a> efficaces.<\/strong><\/p>\n","protected":false},"excerpt":{"rendered":"<p>Le VIH est un virus. VIH est l\u2019abr\u00e9viation de \u00ab\u00a0virus de l\u2019immunod\u00e9ficience humaine\u00a0\u00bb. Apr\u00e8s une infection, le virus se multiplie dans le sang. Il se propage ensuite dans certains fluides corporels comme le sperme et les s\u00e9cr\u00e9tions vaginales. Le VIH peut \u00eatre tr\u00e8s dangereux. Sans prise en charge et sans traitement, le VIH affaiblit et [&hellip;]<\/p>\n","protected":false},"author":1,"featured_media":0,"parent":1415,"menu_order":87,"comment_status":"closed","ping_status":"closed","template":"","meta":{"inline_featured_image":false,"_genesis_hide_title":false,"_genesis_hide_breadcrumbs":false,"_genesis_hide_singular_image":false,"_genesis_hide_footer_widgets":false,"_genesis_custom_body_class":"","_genesis_custom_post_class":"","_genesis_layout":"","footnotes":""},"class_list":{"0":"post-1418","1":"page","2":"type-page","3":"status-publish","5":"entry","6":"override"},"_links":{"self":[{"href":"https:\/\/niedersachsen-aidshilfe-migration.de\/fr\/wp-json\/wp\/v2\/pages\/1418","targetHints":{"allow":["GET"]}}],"collection":[{"href":"https:\/\/niedersachsen-aidshilfe-migration.de\/fr\/wp-json\/wp\/v2\/pages"}],"about":[{"href":"https:\/\/niedersachsen-aidshilfe-migration.de\/fr\/wp-json\/wp\/v2\/types\/page"}],"author":[{"embeddable":true,"href":"https:\/\/niedersachsen-aidshilfe-migration.de\/fr\/wp-json\/wp\/v2\/users\/1"}],"replies":[{"embeddable":true,"href":"https:\/\/niedersachsen-aidshilfe-migration.de\/fr\/wp-json\/wp\/v2\/comments?post=1418"}],"version-history":[{"count":0,"href":"https:\/\/niedersachsen-aidshilfe-migration.de\/fr\/wp-json\/wp\/v2\/pages\/1418\/revisions"}],"up":[{"embeddable":true,"href":"https:\/\/niedersachsen-aidshilfe-migration.de\/fr\/wp-json\/wp\/v2\/pages\/1415"}],"wp:attachment":[{"href":"https:\/\/niedersachsen-aidshilfe-migration.de\/fr\/wp-json\/wp\/v2\/media?parent=1418"}],"curies":[{"name":"wp","href":"https:\/\/api.w.org\/{rel}","templated":true}]}}