{"id":1401,"date":"2022-01-07T09:28:07","date_gmt":"2022-01-07T08:28:07","guid":{"rendered":"https:\/\/niedersachsen-aidshilfe-migration.de\/?page_id=1401"},"modified":"2022-01-21T19:08:48","modified_gmt":"2022-01-21T18:08:48","slug":"sextoys","status":"publish","type":"page","link":"https:\/\/niedersachsen-aidshilfe-migration.de\/fr\/sexualite-et-sante\/sextoys\/","title":{"rendered":"Sextoys"},"content":{"rendered":"<p>Si vous utilisez des sextoys, il est conseill\u00e9 de toujours les laver avec du savon ou de les recouvrir d\u2019un pr\u00e9servatif avant la p\u00e9n\u00e9tration des diff\u00e9rents orifices corporels afin de diminuer les risques d\u2019infection.<\/p>\n","protected":false},"excerpt":{"rendered":"<p>Si vous utilisez des sextoys, il est conseill\u00e9 de toujours les laver avec du savon ou de les recouvrir d\u2019un pr\u00e9servatif avant la p\u00e9n\u00e9tration des diff\u00e9rents orifices corporels afin de diminuer les risques d\u2019infection.<\/p>\n","protected":false},"author":1,"featured_media":0,"parent":1392,"menu_order":10,"comment_status":"closed","ping_status":"closed","template":"","meta":{"inline_featured_image":false,"_genesis_hide_title":false,"_genesis_hide_breadcrumbs":false,"_genesis_hide_singular_image":false,"_genesis_hide_footer_widgets":false,"_genesis_custom_body_class":"","_genesis_custom_post_class":"","_genesis_layout":"","footnotes":""},"class_list":{"0":"post-1401","1":"page","2":"type-page","3":"status-publish","5":"entry","6":"override"},"_links":{"self":[{"href":"https:\/\/niedersachsen-aidshilfe-migration.de\/fr\/wp-json\/wp\/v2\/pages\/1401","targetHints":{"allow":["GET"]}}],"collection":[{"href":"https:\/\/niedersachsen-aidshilfe-migration.de\/fr\/wp-json\/wp\/v2\/pages"}],"about":[{"href":"https:\/\/niedersachsen-aidshilfe-migration.de\/fr\/wp-json\/wp\/v2\/types\/page"}],"author":[{"embeddable":true,"href":"https:\/\/niedersachsen-aidshilfe-migration.de\/fr\/wp-json\/wp\/v2\/users\/1"}],"replies":[{"embeddable":true,"href":"https:\/\/niedersachsen-aidshilfe-migration.de\/fr\/wp-json\/wp\/v2\/comments?post=1401"}],"version-history":[{"count":0,"href":"https:\/\/niedersachsen-aidshilfe-migration.de\/fr\/wp-json\/wp\/v2\/pages\/1401\/revisions"}],"up":[{"embeddable":true,"href":"https:\/\/niedersachsen-aidshilfe-migration.de\/fr\/wp-json\/wp\/v2\/pages\/1392"}],"wp:attachment":[{"href":"https:\/\/niedersachsen-aidshilfe-migration.de\/fr\/wp-json\/wp\/v2\/media?parent=1401"}],"curies":[{"name":"wp","href":"https:\/\/api.w.org\/{rel}","templated":true}]}}