{"id":1399,"date":"2022-01-07T09:26:04","date_gmt":"2022-01-07T08:26:04","guid":{"rendered":"https:\/\/niedersachsen-aidshilfe-migration.de\/?page_id=1399"},"modified":"2022-02-13T14:51:11","modified_gmt":"2022-02-13T13:51:11","slug":"sexe-oral","status":"publish","type":"page","link":"https:\/\/niedersachsen-aidshilfe-migration.de\/fr\/sexualite-et-sante\/sexe-oral\/","title":{"rendered":"Sexe oral"},"content":{"rendered":"<p>Le risque de transmission du VIH lors de relations sexuelles orales est tr\u00e8s faible.<\/p>\n<p>Lors d\u2019un contact p\u00e9nis-bouche, le port d\u2019un pr\u00e9servatif d\u00e9roul\u00e9 sur le p\u00e9nis prot\u00e8ge contre les infections sexuellement transmissibles (IST). Durant ce type de rapport, il n\u2019y a aucun risque d\u2019infection au VIH tant que la bouche n\u2019entre en contact qu\u2019avec le liquide pr\u00e9-\u00e9jaculatoire et pas avec le sperme.<\/p>\n<p>Si vous souhaitez diminuer les risques de contagions par les IST lors d\u2019un contact bouche-vulve (vagin), d\u00e9roulez le pr\u00e9servatif sur deux doigts, d\u00e9coupez sur le c\u00f4t\u00e9 et \u00e9talez-le comme un morceau de tissu sur la vulve. Durant ce type de rapport \u00e9galement, il n\u2019y a aucun risque d\u2019infection au VIH tant que la bouche n\u2019entre pas en contact avec du sang.<\/p>\n","protected":false},"excerpt":{"rendered":"<p>Le risque de transmission du VIH lors de relations sexuelles orales est tr\u00e8s faible. Lors d\u2019un contact p\u00e9nis-bouche, le port d\u2019un pr\u00e9servatif d\u00e9roul\u00e9 sur le p\u00e9nis prot\u00e8ge contre les infections sexuellement transmissibles (IST). Durant ce type de rapport, il n\u2019y a aucun risque d\u2019infection au VIH tant que la bouche n\u2019entre en contact qu\u2019avec le [&hellip;]<\/p>\n","protected":false},"author":1,"featured_media":0,"parent":1392,"menu_order":9,"comment_status":"closed","ping_status":"closed","template":"","meta":{"inline_featured_image":false,"_genesis_hide_title":false,"_genesis_hide_breadcrumbs":false,"_genesis_hide_singular_image":false,"_genesis_hide_footer_widgets":false,"_genesis_custom_body_class":"","_genesis_custom_post_class":"","_genesis_layout":"","footnotes":""},"class_list":{"0":"post-1399","1":"page","2":"type-page","3":"status-publish","5":"entry","6":"override"},"_links":{"self":[{"href":"https:\/\/niedersachsen-aidshilfe-migration.de\/fr\/wp-json\/wp\/v2\/pages\/1399","targetHints":{"allow":["GET"]}}],"collection":[{"href":"https:\/\/niedersachsen-aidshilfe-migration.de\/fr\/wp-json\/wp\/v2\/pages"}],"about":[{"href":"https:\/\/niedersachsen-aidshilfe-migration.de\/fr\/wp-json\/wp\/v2\/types\/page"}],"author":[{"embeddable":true,"href":"https:\/\/niedersachsen-aidshilfe-migration.de\/fr\/wp-json\/wp\/v2\/users\/1"}],"replies":[{"embeddable":true,"href":"https:\/\/niedersachsen-aidshilfe-migration.de\/fr\/wp-json\/wp\/v2\/comments?post=1399"}],"version-history":[{"count":0,"href":"https:\/\/niedersachsen-aidshilfe-migration.de\/fr\/wp-json\/wp\/v2\/pages\/1399\/revisions"}],"up":[{"embeddable":true,"href":"https:\/\/niedersachsen-aidshilfe-migration.de\/fr\/wp-json\/wp\/v2\/pages\/1392"}],"wp:attachment":[{"href":"https:\/\/niedersachsen-aidshilfe-migration.de\/fr\/wp-json\/wp\/v2\/media?parent=1399"}],"curies":[{"name":"wp","href":"https:\/\/api.w.org\/{rel}","templated":true}]}}