{"id":1397,"date":"2022-01-07T09:23:49","date_gmt":"2022-01-07T08:23:49","guid":{"rendered":"https:\/\/niedersachsen-aidshilfe-migration.de\/?page_id=1397"},"modified":"2022-02-27T00:21:44","modified_gmt":"2022-02-26T23:21:44","slug":"lubrifiants","status":"publish","type":"page","link":"https:\/\/niedersachsen-aidshilfe-migration.de\/fr\/sexualite-et-sante\/lubrifiants\/","title":{"rendered":"Lubrifiants"},"content":{"rendered":"<p>Pour le sexe vaginal ou anal avec pr\u00e9servatif, veuillez utiliser un lubrifiant suppl\u00e9mentaire. Enroulez d&rsquo;abord le pr\u00e9servatif sur le p\u00e9nis. Ensuite, appliquez suffisamment de lubrifiant sur le p\u00e9nis. Ainsi, le p\u00e9nis avec pr\u00e9servatif peut \u00eatre introduit plus facilement. C&rsquo;est plus agr\u00e9able pour de nombreuses personnes. Le lubrifiant prot\u00e8ge \u00e9galement le pr\u00e9servatif.<\/p>\n<p>Tr\u00e8s souvent, les magasins o\u00f9 vous pouvez acheter des pr\u00e9servatifs vendent aussi des lubrifiants adapt\u00e9s.<\/p>\n<p><strong>Attention <\/strong>: les bons lubrifiants sont fabriqu\u00e9s avec de l&rsquo;eau ou du silicone. N\u2019utilisez en aucun cas des produits gras tels que la vaseline, l\u2019huile pour b\u00e9b\u00e9, les lotions corporelles, l\u2019huile pour massage, le beurre ou la margarine, car ceux-ci endommagent les pr\u00e9servatifs.<\/p>\n","protected":false},"excerpt":{"rendered":"<p>Pour le sexe vaginal ou anal avec pr\u00e9servatif, veuillez utiliser un lubrifiant suppl\u00e9mentaire. Enroulez d&rsquo;abord le pr\u00e9servatif sur le p\u00e9nis. Ensuite, appliquez suffisamment de lubrifiant sur le p\u00e9nis. Ainsi, le p\u00e9nis avec pr\u00e9servatif peut \u00eatre introduit plus facilement. C&rsquo;est plus agr\u00e9able pour de nombreuses personnes. Le lubrifiant prot\u00e8ge \u00e9galement le pr\u00e9servatif. Tr\u00e8s souvent, les magasins [&hellip;]<\/p>\n","protected":false},"author":1,"featured_media":0,"parent":1392,"menu_order":8,"comment_status":"closed","ping_status":"closed","template":"","meta":{"inline_featured_image":false,"_genesis_hide_title":false,"_genesis_hide_breadcrumbs":false,"_genesis_hide_singular_image":false,"_genesis_hide_footer_widgets":false,"_genesis_custom_body_class":"","_genesis_custom_post_class":"","_genesis_layout":"","footnotes":""},"class_list":{"0":"post-1397","1":"page","2":"type-page","3":"status-publish","5":"entry","6":"override"},"_links":{"self":[{"href":"https:\/\/niedersachsen-aidshilfe-migration.de\/fr\/wp-json\/wp\/v2\/pages\/1397","targetHints":{"allow":["GET"]}}],"collection":[{"href":"https:\/\/niedersachsen-aidshilfe-migration.de\/fr\/wp-json\/wp\/v2\/pages"}],"about":[{"href":"https:\/\/niedersachsen-aidshilfe-migration.de\/fr\/wp-json\/wp\/v2\/types\/page"}],"author":[{"embeddable":true,"href":"https:\/\/niedersachsen-aidshilfe-migration.de\/fr\/wp-json\/wp\/v2\/users\/1"}],"replies":[{"embeddable":true,"href":"https:\/\/niedersachsen-aidshilfe-migration.de\/fr\/wp-json\/wp\/v2\/comments?post=1397"}],"version-history":[{"count":0,"href":"https:\/\/niedersachsen-aidshilfe-migration.de\/fr\/wp-json\/wp\/v2\/pages\/1397\/revisions"}],"up":[{"embeddable":true,"href":"https:\/\/niedersachsen-aidshilfe-migration.de\/fr\/wp-json\/wp\/v2\/pages\/1392"}],"wp:attachment":[{"href":"https:\/\/niedersachsen-aidshilfe-migration.de\/fr\/wp-json\/wp\/v2\/media?parent=1397"}],"curies":[{"name":"wp","href":"https:\/\/api.w.org\/{rel}","templated":true}]}}