{"id":1394,"date":"2022-01-07T09:22:09","date_gmt":"2022-01-07T08:22:09","guid":{"rendered":"https:\/\/niedersachsen-aidshilfe-migration.de\/?page_id=1394"},"modified":"2022-02-13T14:55:02","modified_gmt":"2022-02-13T13:55:02","slug":"informations-generales-sur-les-preservatifs-et-les-preservatifs-internes","status":"publish","type":"page","link":"https:\/\/niedersachsen-aidshilfe-migration.de\/fr\/sexualite-et-sante\/informations-generales-sur-les-preservatifs-et-les-preservatifs-internes\/","title":{"rendered":"Informations g\u00e9n\u00e9rales sur le pr\u00e9servatif et le pr\u00e9servatif interne (dit \u00ab f\u00e9minin \u00bb)"},"content":{"rendered":"<p>Pour beaucoup de gens, la sexualit\u00e9 fait partie de la vie. La sexualit\u00e9 s\u2019accompagne de sentiments comme l\u2019amour, le d\u00e9sir ou le sentiment de s\u00e9curit\u00e9. C\u2019est une affaire de proximit\u00e9 corporelle entre des personnes. Elle fait na\u00eetre des sentiments agr\u00e9ables comme la confiance et l\u2019excitation.<\/p>\n<p>La sexualit\u00e9 a une signification diff\u00e9rente pour chaque personne. Elle est tr\u00e8s diverse. Tout le monde n\u2019aime pas le sexe de la m\u00eame mani\u00e8re. Et c\u2019est tr\u00e8s bien comme \u00e7a\u00a0!<\/p>\n<p>Une chose est particuli\u00e8rement importante\u00a0: la sexualit\u00e9 n\u00e9cessite toujours la libert\u00e9 de choix et le consentement de tous. Cela veut dire que toutes les personnes participantes doivent \u00eatre d\u2019accord avec les actes sexuels pratiqu\u00e9s. Cela veut aussi dire que les personnes d\u00e9cident elles-m\u00eames de la mani\u00e8re dont elles disposent de leur corps.<\/p>\n<p><strong>Le pr\u00e9servatif vous prot\u00e8ge contre les risques d\u2019infection pendant les rapports sexuels.<\/strong><\/p>\n<p><strong>Il en existe plusieurs types :<\/strong><\/p>\n<ol>\n<li>Le pr\u00e9servatif (externe), qui est le plus courant en Allemagne<\/li>\n<li>Le pr\u00e9servatif interne, que l\u2019on appelle souvent pr\u00e9servatif \u00ab f\u00e9minin \u00bb<\/li>\n<\/ol>\n<p>Les pr\u00e9servatifs sont en g\u00e9n\u00e9ral compos\u00e9s de latex, de polyur\u00e9thane ou de polym\u00e8re de nitrile. Ils constituent une barri\u00e8re tr\u00e8s fine entre les muqueuses des partenaires sexuels emp\u00eachant\u00a0l\u2019\u00e9change de fluides corporels. Les pr\u00e9servatifs vous prot\u00e8gent, que vous veniez de rencontrer votre partenaire, que vous entamiez une nouvelle relation ou que celle-ci dure depuis plusieurs ann\u00e9es d\u00e9j\u00e0.<\/p>\n<p><strong>En utilisant le pr\u00e9servatif, vous vous prot\u00e9gez contre le <u>VIH<\/u> et r\u00e9duisez \u00e9galement le risque de contracter d\u2019autres infectionssexuellement transmissibles (<u>IST<\/u>).<\/strong><\/p>\n<p><strong>Lors des rapports vaginaux, le pr\u00e9servatif est \u00e9galement un moyen de contraception permettant d\u2019\u00e9viter les grossesses non d\u00e9sir\u00e9es.<\/strong><\/p>\n<p>Les pr\u00e9servatifs vous prot\u00e8gent d\u2019une infection par le <u>VIH<\/u> lors des rapports sexuels avec p\u00e9n\u00e9tration vaginale ou anale. Le pr\u00e9servatif interne (dit \u00ab\u00a0f\u00e9minin\u00a0\u00bb) vous prot\u00e8ge d\u2019une infection par le <u>VIH<\/u> lors des rapports sexuels avec p\u00e9n\u00e9tration vaginale. Les pr\u00e9servatifs vous prot\u00e8gent aussi lorsque vous partagez des sextoys avec quelqu\u2019un.<\/p>\n<p>De nombreuses pratiques sexuelles entra\u00eenent un risque de contracter une <u>IST<\/u>. Les pr\u00e9servatifs externes et internes n\u2019offrent malheureusement pas une protection totale contre les <u>IST<\/u>.<\/p>\n<p>&nbsp;<\/p>\n<p><strong>Lubrifiants<\/strong><\/p>\n<p>Pour le sexe vaginal ou anal avec pr\u00e9servatif, veuillez utiliser un lubrifiant suppl\u00e9mentaire. Enroulez d&rsquo;abord le pr\u00e9servatif sur le p\u00e9nis. Ensuite, appliquez suffisamment de lubrifiant sur le p\u00e9nis. Ainsi, le p\u00e9nis avec pr\u00e9servatif peut \u00eatre introduit plus facilement. C&rsquo;est plus agr\u00e9able pour de nombreuses personnes. Le lubrifiant prot\u00e8ge \u00e9galement le pr\u00e9servatif.<\/p>\n<p>Tr\u00e8s souvent, les magasins o\u00f9 vous pouvez acheter des pr\u00e9servatifs vendent aussi des lubrifiants adapt\u00e9s. <strong>Attention <\/strong>: les bons lubrifiants sont fabriqu\u00e9s avec de l&rsquo;eau ou du silicone. N\u2019utilisez en aucun cas des produits gras tels que la vaseline, l\u2019huile pour b\u00e9b\u00e9, les lotions corporelles, l\u2019huile pour massage, le beurre ou la margarine, car ceux-ci endommagent les pr\u00e9servatifs.<\/p>\n<p><strong>Vous trouverez plus d\u2019informations pour bien utiliser le pr\u00e9servatif (externe) et le pr\u00e9servatif interne <u>ici<\/u>.<\/strong><\/p>\n","protected":false},"excerpt":{"rendered":"<p>Pour beaucoup de gens, la sexualit\u00e9 fait partie de la vie. La sexualit\u00e9 s\u2019accompagne de sentiments comme l\u2019amour, le d\u00e9sir ou le sentiment de s\u00e9curit\u00e9. C\u2019est une affaire de proximit\u00e9 corporelle entre des personnes. Elle fait na\u00eetre des sentiments agr\u00e9ables comme la confiance et l\u2019excitation. La sexualit\u00e9 a une signification diff\u00e9rente pour chaque personne. Elle [&hellip;]<\/p>\n","protected":false},"author":1,"featured_media":0,"parent":1392,"menu_order":5,"comment_status":"closed","ping_status":"closed","template":"","meta":{"inline_featured_image":false,"_genesis_hide_title":false,"_genesis_hide_breadcrumbs":false,"_genesis_hide_singular_image":false,"_genesis_hide_footer_widgets":false,"_genesis_custom_body_class":"","_genesis_custom_post_class":"","_genesis_layout":"sidebar-content","footnotes":""},"class_list":{"0":"post-1394","1":"page","2":"type-page","3":"status-publish","5":"entry","6":"override"},"_links":{"self":[{"href":"https:\/\/niedersachsen-aidshilfe-migration.de\/fr\/wp-json\/wp\/v2\/pages\/1394","targetHints":{"allow":["GET"]}}],"collection":[{"href":"https:\/\/niedersachsen-aidshilfe-migration.de\/fr\/wp-json\/wp\/v2\/pages"}],"about":[{"href":"https:\/\/niedersachsen-aidshilfe-migration.de\/fr\/wp-json\/wp\/v2\/types\/page"}],"author":[{"embeddable":true,"href":"https:\/\/niedersachsen-aidshilfe-migration.de\/fr\/wp-json\/wp\/v2\/users\/1"}],"replies":[{"embeddable":true,"href":"https:\/\/niedersachsen-aidshilfe-migration.de\/fr\/wp-json\/wp\/v2\/comments?post=1394"}],"version-history":[{"count":0,"href":"https:\/\/niedersachsen-aidshilfe-migration.de\/fr\/wp-json\/wp\/v2\/pages\/1394\/revisions"}],"up":[{"embeddable":true,"href":"https:\/\/niedersachsen-aidshilfe-migration.de\/fr\/wp-json\/wp\/v2\/pages\/1392"}],"wp:attachment":[{"href":"https:\/\/niedersachsen-aidshilfe-migration.de\/fr\/wp-json\/wp\/v2\/media?parent=1394"}],"curies":[{"name":"wp","href":"https:\/\/api.w.org\/{rel}","templated":true}]}}