{"id":1388,"date":"2022-01-07T09:18:24","date_gmt":"2022-01-07T08:18:24","guid":{"rendered":"https:\/\/niedersachsen-aidshilfe-migration.de\/?page_id=1388"},"modified":"2022-02-13T14:49:38","modified_gmt":"2022-02-13T13:49:38","slug":"guide-dutilisation-du-preservatif-interne-dit-feminin","status":"publish","type":"page","link":"https:\/\/niedersachsen-aidshilfe-migration.de\/fr\/sexualite-et-sante\/guide-dutilisation-du-preservatif-interne-dit-feminin\/","title":{"rendered":"Guide d\u2019utilisation du pr\u00e9servatif interne (dit \u00ab f\u00e9minin \u00bb) pour les rapports vaginaux"},"content":{"rendered":"<hr \/>\n<h3>1.<\/h3>\n<p><img loading=\"lazy\" decoding=\"async\" class=\"alignnone size-medium wp-image-1812\" src=\"https:\/\/niedersachsen-aidshilfe-migration.de\/wp-content\/uploads\/2022\/01\/Right-Way-To-Use-A-Female-Condom-Pikto_1-297x300.png\" alt=\"Vaginalkondom \u00f6ffnen\" width=\"297\" height=\"300\" srcset=\"https:\/\/niedersachsen-aidshilfe-migration.de\/wp-content\/uploads\/2022\/01\/Right-Way-To-Use-A-Female-Condom-Pikto_1-297x300.png 297w, https:\/\/niedersachsen-aidshilfe-migration.de\/wp-content\/uploads\/2022\/01\/Right-Way-To-Use-A-Female-Condom-Pikto_1.png 708w\" sizes=\"auto, (max-width: 297px) 100vw, 297px\" \/><\/p>\n<p>Ouvrez le sachet contenant le pr\u00e9servatif avec pr\u00e9caution et sortez-le d\u00e9licatement. Veillez \u00e0 ne pas endommager le pr\u00e9servatif avec vos ongles ou vos bijoux.<\/p>\n<hr \/>\n<h3>2.<\/h3>\n<p><img loading=\"lazy\" decoding=\"async\" class=\"alignnone size-medium wp-image-1820\" src=\"https:\/\/niedersachsen-aidshilfe-migration.de\/wp-content\/uploads\/2022\/01\/Right-Way-To-Use-A-Female-Condom-Pikto_2-297x300.png\" alt=\"Vaginalkondom Form\" width=\"297\" height=\"300\" srcset=\"https:\/\/niedersachsen-aidshilfe-migration.de\/wp-content\/uploads\/2022\/01\/Right-Way-To-Use-A-Female-Condom-Pikto_2-297x300.png 297w, https:\/\/niedersachsen-aidshilfe-migration.de\/wp-content\/uploads\/2022\/01\/Right-Way-To-Use-A-Female-Condom-Pikto_2.png 708w\" sizes=\"auto, (max-width: 297px) 100vw, 297px\" \/><\/p>\n<p>Vous observez deux anneaux. L\u2019anneau interne, situ\u00e9 \u00e0 l\u2019extr\u00e9mit\u00e9 ferm\u00e9e du pr\u00e9servatif, devra \u00eatre ins\u00e9r\u00e9 \u00e0 l\u2019int\u00e9rieur du vagin et maintiendra le pr\u00e9servatif en place. L\u2019anneau externe restera \u00e0 l\u2019ext\u00e9rieur du corps et couvrira une partie de la vulve.<\/p>\n<hr \/>\n<h3>3.<\/h3>\n<p><img loading=\"lazy\" decoding=\"async\" class=\"alignnone size-medium wp-image-1828\" src=\"https:\/\/niedersachsen-aidshilfe-migration.de\/wp-content\/uploads\/2022\/01\/Right-Way-To-Use-A-Female-Condom-Pikto_3-297x300.png\" alt=\"Vaginalkondom einf\u00fchren\" width=\"297\" height=\"300\" srcset=\"https:\/\/niedersachsen-aidshilfe-migration.de\/wp-content\/uploads\/2022\/01\/Right-Way-To-Use-A-Female-Condom-Pikto_3-297x300.png 297w, https:\/\/niedersachsen-aidshilfe-migration.de\/wp-content\/uploads\/2022\/01\/Right-Way-To-Use-A-Female-Condom-Pikto_3.png 708w\" sizes=\"auto, (max-width: 297px) 100vw, 297px\" \/><\/p>\n<p>Installez-vous dans une position confortable (en position assise ou allong\u00e9e par exemple). Prenez le pr\u00e9servatif. Pincez l\u2019anneau interne entre le pouce et le majeur et ins\u00e9rez-le le plus loin possible dans le vagin (comme un tampon).<\/p>\n<hr \/>\n<h3>4.<\/h3>\n<p><img loading=\"lazy\" decoding=\"async\" class=\"alignnone size-medium wp-image-1836\" src=\"https:\/\/niedersachsen-aidshilfe-migration.de\/wp-content\/uploads\/2022\/01\/Right-Way-To-Use-A-Female-Condom-Pikto_4-297x300.png\" alt=\"Vaginalkondom einf\u00fchren\" width=\"297\" height=\"300\" srcset=\"https:\/\/niedersachsen-aidshilfe-migration.de\/wp-content\/uploads\/2022\/01\/Right-Way-To-Use-A-Female-Condom-Pikto_4-297x300.png 297w, https:\/\/niedersachsen-aidshilfe-migration.de\/wp-content\/uploads\/2022\/01\/Right-Way-To-Use-A-Female-Condom-Pikto_4.png 708w\" sizes=\"auto, (max-width: 297px) 100vw, 297px\" \/><\/p>\n<p>Il faut maintenant positionner l\u2019anneau interne. Ins\u00e9rez le majeur dans le pr\u00e9servatif jusqu\u2019\u00e0 toucher l\u2019anneau interne. Poussez l\u2019anneau aussi loin que possible, en faisant attention \u00e0 ne pas endommager le pr\u00e9servatif avec vos ongles ou vos bijoux. Le pr\u00e9servatif est correctement positionn\u00e9 lorsque l\u2019anneau interne est plac\u00e9 derri\u00e8re l\u2019os pubien et que vous ne le sentez quasiment plus (comme un tampon).<\/p>\n<hr \/>\n<h3>5.<\/h3>\n<p><img loading=\"lazy\" decoding=\"async\" class=\"alignnone size-medium wp-image-1844\" src=\"https:\/\/niedersachsen-aidshilfe-migration.de\/wp-content\/uploads\/2022\/01\/Right-Way-To-Use-A-Female-Condom-Pikto_5-297x300.png\" alt=\"Vaginalkondom pr\u00fcfen\" width=\"297\" height=\"300\" srcset=\"https:\/\/niedersachsen-aidshilfe-migration.de\/wp-content\/uploads\/2022\/01\/Right-Way-To-Use-A-Female-Condom-Pikto_5-297x300.png 297w, https:\/\/niedersachsen-aidshilfe-migration.de\/wp-content\/uploads\/2022\/01\/Right-Way-To-Use-A-Female-Condom-Pikto_5.png 708w\" sizes=\"auto, (max-width: 297px) 100vw, 297px\" \/><\/p>\n<p>Assurez-vous que le pr\u00e9servatif n\u2019est pas \u00e0 l\u2019envers et que le fin anneau externe est bien plac\u00e9 \u00e0 l\u2019ext\u00e9rieur du vagin.<\/p>\n<hr \/>\n<h3>6.<\/h3>\n<p><img loading=\"lazy\" decoding=\"async\" class=\"alignnone size-medium wp-image-1853\" src=\"https:\/\/niedersachsen-aidshilfe-migration.de\/wp-content\/uploads\/2022\/01\/Right-Way-To-Use-A-Female-Condom-Pikto_6-297x300.png\" alt=\"Vaginalkondom benutzen\" width=\"297\" height=\"300\" srcset=\"https:\/\/niedersachsen-aidshilfe-migration.de\/wp-content\/uploads\/2022\/01\/Right-Way-To-Use-A-Female-Condom-Pikto_6-297x300.png 297w, https:\/\/niedersachsen-aidshilfe-migration.de\/wp-content\/uploads\/2022\/01\/Right-Way-To-Use-A-Female-Condom-Pikto_6.png 708w\" sizes=\"auto, (max-width: 297px) 100vw, 297px\" \/><\/p>\n<p>Guidez le p\u00e9nis avec la main \u00e0 l\u2019int\u00e9rieur du pr\u00e9servatif. Durant le rapport, il est possible que le p\u00e9nis pousse l\u2019anneau externe dans le vagin ou p\u00e9n\u00e8tre \u00e0 c\u00f4t\u00e9 du pr\u00e9servatif directement dans le vagin. Si c\u2019est le cas, arr\u00eatez-vous.<\/p>\n<hr \/>\n<h3>7.<\/h3>\n<p><img loading=\"lazy\" decoding=\"async\" class=\"alignnone size-medium wp-image-1861\" src=\"https:\/\/niedersachsen-aidshilfe-migration.de\/wp-content\/uploads\/2022\/01\/Right-Way-To-Use-A-Female-Condom-Pikto_7-297x300.png\" alt=\"Vaginalkondom entfernen\" width=\"297\" height=\"300\" srcset=\"https:\/\/niedersachsen-aidshilfe-migration.de\/wp-content\/uploads\/2022\/01\/Right-Way-To-Use-A-Female-Condom-Pikto_7-297x300.png 297w, https:\/\/niedersachsen-aidshilfe-migration.de\/wp-content\/uploads\/2022\/01\/Right-Way-To-Use-A-Female-Condom-Pikto_7.png 708w\" sizes=\"auto, (max-width: 297px) 100vw, 297px\" \/><\/p>\n<p>Pour retirer le pr\u00e9servatif, tournez l\u2019anneau externe avec pr\u00e9caution de mani\u00e8re \u00e0 emp\u00eacher les fluides (sperme ou liquide pr\u00e9-\u00e9jaculatoire) de s\u2019\u00e9chapper et tirez-le doucement hors du vagin.<\/p>\n<hr \/>\n<h3>8.<\/h3>\n<p><img loading=\"lazy\" decoding=\"async\" class=\"alignnone wp-image-1869 size-medium\" src=\"https:\/\/niedersachsen-aidshilfe-migration.de\/wp-content\/uploads\/2022\/01\/Right-Way-To-Use-A-Female-Condom-Pikto_8-297x300.png\" alt=\"Vaginalkondom entsorgen\" width=\"297\" height=\"300\" srcset=\"https:\/\/niedersachsen-aidshilfe-migration.de\/wp-content\/uploads\/2022\/01\/Right-Way-To-Use-A-Female-Condom-Pikto_8-297x300.png 297w, https:\/\/niedersachsen-aidshilfe-migration.de\/wp-content\/uploads\/2022\/01\/Right-Way-To-Use-A-Female-Condom-Pikto_8.png 708w\" sizes=\"auto, (max-width: 297px) 100vw, 297px\" \/><\/p>\n<p>Jetez le pr\u00e9servatif dans la poubelle (pas dans les toilettes). Le pr\u00e9servatif est \u00e0 usage unique, ne le r\u00e9utilisez pas.<\/p>\n<p><strong>Important :<\/strong> lors des rapports sexuels vaginaux, utilisez soit un pr\u00e9servatif externe, soit un pr\u00e9servatif interne. N\u2019utilisez jamais les deux en m\u00eame temps. L\u2019utilisation simultan\u00e9e de deux pr\u00e9servatifs provoque trop de frottements. Cela peut casser le pr\u00e9servatif externe ou le pr\u00e9servatif interne.<\/p>\n","protected":false},"excerpt":{"rendered":"<p>1. Ouvrez le sachet contenant le pr\u00e9servatif avec pr\u00e9caution et sortez-le d\u00e9licatement. Veillez \u00e0 ne pas endommager le pr\u00e9servatif avec vos ongles ou vos bijoux. 2. Vous observez deux anneaux. L\u2019anneau interne, situ\u00e9 \u00e0 l\u2019extr\u00e9mit\u00e9 ferm\u00e9e du pr\u00e9servatif, devra \u00eatre ins\u00e9r\u00e9 \u00e0 l\u2019int\u00e9rieur du vagin et maintiendra le pr\u00e9servatif en place. L\u2019anneau externe restera \u00e0 [&hellip;]<\/p>\n","protected":false},"author":1,"featured_media":0,"parent":1392,"menu_order":7,"comment_status":"closed","ping_status":"closed","template":"","meta":{"inline_featured_image":false,"_genesis_hide_title":false,"_genesis_hide_breadcrumbs":false,"_genesis_hide_singular_image":false,"_genesis_hide_footer_widgets":false,"_genesis_custom_body_class":"","_genesis_custom_post_class":"","_genesis_layout":"","footnotes":""},"class_list":{"0":"post-1388","1":"page","2":"type-page","3":"status-publish","5":"entry","6":"override"},"_links":{"self":[{"href":"https:\/\/niedersachsen-aidshilfe-migration.de\/fr\/wp-json\/wp\/v2\/pages\/1388","targetHints":{"allow":["GET"]}}],"collection":[{"href":"https:\/\/niedersachsen-aidshilfe-migration.de\/fr\/wp-json\/wp\/v2\/pages"}],"about":[{"href":"https:\/\/niedersachsen-aidshilfe-migration.de\/fr\/wp-json\/wp\/v2\/types\/page"}],"author":[{"embeddable":true,"href":"https:\/\/niedersachsen-aidshilfe-migration.de\/fr\/wp-json\/wp\/v2\/users\/1"}],"replies":[{"embeddable":true,"href":"https:\/\/niedersachsen-aidshilfe-migration.de\/fr\/wp-json\/wp\/v2\/comments?post=1388"}],"version-history":[{"count":0,"href":"https:\/\/niedersachsen-aidshilfe-migration.de\/fr\/wp-json\/wp\/v2\/pages\/1388\/revisions"}],"up":[{"embeddable":true,"href":"https:\/\/niedersachsen-aidshilfe-migration.de\/fr\/wp-json\/wp\/v2\/pages\/1392"}],"wp:attachment":[{"href":"https:\/\/niedersachsen-aidshilfe-migration.de\/fr\/wp-json\/wp\/v2\/media?parent=1388"}],"curies":[{"name":"wp","href":"https:\/\/api.w.org\/{rel}","templated":true}]}}