{"id":1384,"date":"2022-01-07T09:15:46","date_gmt":"2022-01-07T08:15:46","guid":{"rendered":"https:\/\/niedersachsen-aidshilfe-migration.de\/?page_id=1384"},"modified":"2022-02-13T14:59:50","modified_gmt":"2022-02-13T13:59:50","slug":"guide-dutilisation-du-preservatif","status":"publish","type":"page","link":"https:\/\/niedersachsen-aidshilfe-migration.de\/fr\/sexualite-et-sante\/guide-dutilisation-du-preservatif\/","title":{"rendered":"Guide d\u2019utilisation du pr\u00e9servatif pour les rapports anaux ou vaginaux"},"content":{"rendered":"<hr \/>\n<h3>1.<\/h3>\n<p><strong>Ouvrir l\u2019emballage du pr\u00e9servatif<\/strong><\/p>\n<p><img loading=\"lazy\" decoding=\"async\" class=\"wp-image-1756 size-medium alignnone\" src=\"https:\/\/niedersachsen-aidshilfe-migration.de\/wp-content\/uploads\/2022\/01\/Kondom-Pikto_1_2020-300x300.png\" alt=\"Kondom \u00f6ffnen\" width=\"300\" height=\"300\" srcset=\"https:\/\/niedersachsen-aidshilfe-migration.de\/wp-content\/uploads\/2022\/01\/Kondom-Pikto_1_2020-300x300.png 300w, https:\/\/niedersachsen-aidshilfe-migration.de\/wp-content\/uploads\/2022\/01\/Kondom-Pikto_1_2020-150x150.png 150w, https:\/\/niedersachsen-aidshilfe-migration.de\/wp-content\/uploads\/2022\/01\/Kondom-Pikto_1_2020.png 528w\" sizes=\"auto, (max-width: 300px) 100vw, 300px\" \/><\/p>\n<p>D\u00e9chirez le sachet contenant le pr\u00e9servatif avec pr\u00e9caution au niveau du rebord dentel\u00e9 et sortez d\u00e9licatement le pr\u00e9servatif avec vos doigts. Veillez \u00e0 ne pas endommager le pr\u00e9servatif avec vos ongles ou vos bijoux.<\/p>\n<hr \/>\n<h3>2.<\/h3>\n<p><strong> Poser le pr\u00e9servatif sur le p\u00e9nis et pincer le r\u00e9servoir (l\u2019extr\u00e9mit\u00e9) avec deux doigts<\/strong><\/p>\n<p><img loading=\"lazy\" decoding=\"async\" class=\"alignnone size-medium wp-image-1764\" src=\"https:\/\/niedersachsen-aidshilfe-migration.de\/wp-content\/uploads\/2022\/01\/Kondom-Pikto_2_2020-300x300.png\" alt=\"Kondom ansetzen\" width=\"300\" height=\"300\" srcset=\"https:\/\/niedersachsen-aidshilfe-migration.de\/wp-content\/uploads\/2022\/01\/Kondom-Pikto_2_2020-300x300.png 300w, https:\/\/niedersachsen-aidshilfe-migration.de\/wp-content\/uploads\/2022\/01\/Kondom-Pikto_2_2020-150x150.png 150w, https:\/\/niedersachsen-aidshilfe-migration.de\/wp-content\/uploads\/2022\/01\/Kondom-Pikto_2_2020.png 528w\" sizes=\"auto, (max-width: 300px) 100vw, 300px\" \/><\/p>\n<p>Vous pouvez enfiler le pr\u00e9servatif d\u00e8s que l\u2019\u00e9rection est suffisante et avant le premier contact avec le vagin ou l\u2019anus. Pincez le r\u00e9servoir du pr\u00e9servatif (l\u2019extr\u00e9mit\u00e9 du pr\u00e9servatif) avec le pouce et l\u2019index et posez-le sur le gland (l\u2019extr\u00e9mit\u00e9 du p\u00e9nis).<\/p>\n<hr \/>\n<h3>3.<\/h3>\n<p><strong>D\u00e9rouler le pr\u00e9servatif<\/strong><\/p>\n<p><img loading=\"lazy\" decoding=\"async\" class=\"alignnone size-medium wp-image-1772\" src=\"https:\/\/niedersachsen-aidshilfe-migration.de\/wp-content\/uploads\/2022\/01\/Kondom-Pikto_3_2020-300x300.png\" alt=\"Kondom \u00fcberstreifen\" width=\"300\" height=\"300\" srcset=\"https:\/\/niedersachsen-aidshilfe-migration.de\/wp-content\/uploads\/2022\/01\/Kondom-Pikto_3_2020-300x300.png 300w, https:\/\/niedersachsen-aidshilfe-migration.de\/wp-content\/uploads\/2022\/01\/Kondom-Pikto_3_2020-150x150.png 150w, https:\/\/niedersachsen-aidshilfe-migration.de\/wp-content\/uploads\/2022\/01\/Kondom-Pikto_3_2020.png 528w\" sizes=\"auto, (max-width: 300px) 100vw, 300px\" \/><\/p>\n<p>D\u00e9roulez compl\u00e8tement le pr\u00e9servatif jusqu\u2019\u00e0 la base du p\u00e9nis en pin\u00e7ant le r\u00e9servoir avec l\u2019autre main. Si le pr\u00e9servatif ne se d\u00e9roule pas comme il faut, il a probablement \u00e9t\u00e9 mis en place \u00e0 l\u2019envers. Dans ce cas, ne le retournez pas car il contient probablement des s\u00e9cr\u00e9tions pouvant \u00eatre transmises \u00e0 votre partenaire. Prenez un nouveau pr\u00e9servatif, v\u00e9rifiez le sens du d\u00e9roulement et recommencez la proc\u00e9dure. Si le p\u00e9nis se ramollit au moment de l\u2019enfilage, ne vous d\u00e9couragez pas. Dans un premier temps, s\u2019entrainer seul \u00e0 enfiler le pr\u00e9servatif sur son p\u00e9nis peut aider. Il existe par ailleurs diff\u00e9rentes tailles de pr\u00e9servatifs. Pour une protection optimale, il est important que le pr\u00e9servatif ne soit ni trop large, ni trop serr\u00e9.<\/p>\n<hr \/>\n<h3>4.<\/h3>\n<p>Il existe par ailleurs diff\u00e9rentes tailles de pr\u00e9servatifs. Pour une protection optimale, il est important que le pr\u00e9servatif ne soit ni trop large, ni trop serr\u00e9.<\/p>\n<hr \/>\n<h3>5.<\/h3>\n<p>Si le p\u00e9nis se ramollit au moment de l\u2019enfilage, ne vous d\u00e9couragez pas. Dans un premier temps, s\u2019entrainer seul \u00e0 enfiler le pr\u00e9servatif sur son p\u00e9nis peut aider.<\/p>\n<hr \/>\n<h3>6.<\/h3>\n<p><strong> Lubricant (lube)<\/strong><\/p>\n<p><img loading=\"lazy\" decoding=\"async\" class=\"alignnone size-medium wp-image-1780\" src=\"https:\/\/niedersachsen-aidshilfe-migration.de\/wp-content\/uploads\/2022\/01\/Kondom-Pikto_4_2021-300x300.png\" alt=\"Gleitmittel verwenden\" width=\"300\" height=\"300\" srcset=\"https:\/\/niedersachsen-aidshilfe-migration.de\/wp-content\/uploads\/2022\/01\/Kondom-Pikto_4_2021-300x300.png 300w, https:\/\/niedersachsen-aidshilfe-migration.de\/wp-content\/uploads\/2022\/01\/Kondom-Pikto_4_2021-150x150.png 150w, https:\/\/niedersachsen-aidshilfe-migration.de\/wp-content\/uploads\/2022\/01\/Kondom-Pikto_4_2021.png 528w\" sizes=\"auto, (max-width: 300px) 100vw, 300px\" \/><\/p>\n<p>Pour le sexe vaginal ou anal avec pr\u00e9servatif, il est conseill\u00e9 d\u2019utiliser un lubrifiant suppl\u00e9mentaire. D\u00e9roulez d\u2019abord le pr\u00e9servatif sur le p\u00e9nis. Ensuite, appliquez du lubrifiant sur le pr\u00e9servatif en quantit\u00e9 suffisante.Cela permet d\u2019introduire le p\u00e9nis muni du pr\u00e9servatif plus facilement. De nombreuses personnes trouvent cela plus agr\u00e9able ainsi. Le lubrifiant prot\u00e8ge \u00e9galement le pr\u00e9servatif.<\/p>\n<p><strong>Attention <\/strong>: les bons lubrifiants sont fabriqu\u00e9s avec de l&rsquo;eau ou du silicone. N\u2019utilisez en aucun cas des produits gras tels que la vaseline, l\u2019huile pour b\u00e9b\u00e9, les lotions corporelles, l\u2019huile pour massage, le beurre ou la margarine, car ceux-ci endommagent les pr\u00e9servatifs.<\/p>\n<p>Tr\u00e8s souvent, les magasins o\u00f9 vous pouvez acheter des pr\u00e9servatifs vendent aussi des lubrifiants adapt\u00e9s.<\/p>\n<hr \/>\n<h3>7.<\/h3>\n<p><strong>Pendant l\u2019acte, s\u2019assurer que le pr\u00e9servatif reste bien en place<\/strong><\/p>\n<p><img loading=\"lazy\" decoding=\"async\" class=\"alignnone size-medium wp-image-1788\" src=\"https:\/\/niedersachsen-aidshilfe-migration.de\/wp-content\/uploads\/2022\/01\/Kondom-Pikto_5_2020-300x300.png\" alt=\"Kondom Verwendung\" width=\"300\" height=\"300\" srcset=\"https:\/\/niedersachsen-aidshilfe-migration.de\/wp-content\/uploads\/2022\/01\/Kondom-Pikto_5_2020-300x300.png 300w, https:\/\/niedersachsen-aidshilfe-migration.de\/wp-content\/uploads\/2022\/01\/Kondom-Pikto_5_2020-150x150.png 150w, https:\/\/niedersachsen-aidshilfe-migration.de\/wp-content\/uploads\/2022\/01\/Kondom-Pikto_5_2020.png 528w\" sizes=\"auto, (max-width: 300px) 100vw, 300px\" \/><\/p>\n<p>Pendant la p\u00e9n\u00e9tration anale ou vaginale, il est important de v\u00e9rifier que le pr\u00e9servatif reste bien en place.<\/p>\n<p>\u201ePeut-\u00eatre que vous et l\u2019autre personne souhaitez passer du sexe vaginal au sexe anal. Dans ce cas, vous devez d\u2019abord changer de pr\u00e9servatif entre les deux.<\/p>\n<p>Vous avez des rapports sexuels avec plusieurs personnes en m\u00eame temps ? Dans ce cas, vous devez utiliser un nouveau pr\u00e9servatif avec chaque personne.\u201c<\/p>\n<hr \/>\n<h3>8.<\/h3>\n<p><strong>Tenir le pr\u00e9servatif lors du retrait<\/strong><\/p>\n<p><img loading=\"lazy\" decoding=\"async\" class=\"alignnone size-medium wp-image-1796\" src=\"https:\/\/niedersachsen-aidshilfe-migration.de\/wp-content\/uploads\/2022\/01\/Kondom-Pikto_6_2020-300x300.png\" alt=\"Kondom festhalten\" width=\"300\" height=\"300\" srcset=\"https:\/\/niedersachsen-aidshilfe-migration.de\/wp-content\/uploads\/2022\/01\/Kondom-Pikto_6_2020-300x300.png 300w, https:\/\/niedersachsen-aidshilfe-migration.de\/wp-content\/uploads\/2022\/01\/Kondom-Pikto_6_2020-150x150.png 150w, https:\/\/niedersachsen-aidshilfe-migration.de\/wp-content\/uploads\/2022\/01\/Kondom-Pikto_6_2020.png 528w\" sizes=\"auto, (max-width: 300px) 100vw, 300px\" \/><\/p>\n<p>Si le pr\u00e9servatif glisse ou serre, apr\u00e8s l\u2019\u00e9jaculation ou si le p\u00e9nis commence \u00e0 se ramollir, il faut retirer le p\u00e9nis du vagin ou de l\u2019anus. Lors du retrait, il est essentiel de tenir le pr\u00e9servatif au niveau de l\u2019anneau pour l\u2019emp\u00eacher de glisser.<\/p>\n<hr \/>\n<h3>9.<\/h3>\n<p><strong>Jeter le pr\u00e9servatif apr\u00e8s usage<\/strong><\/p>\n<p><img loading=\"lazy\" decoding=\"async\" class=\"alignnone size-medium wp-image-1804\" src=\"https:\/\/niedersachsen-aidshilfe-migration.de\/wp-content\/uploads\/2022\/01\/Kondom-Pikto_7_2020-300x300.png\" alt=\"Kondom nur einmal benutzen\" width=\"300\" height=\"300\" srcset=\"https:\/\/niedersachsen-aidshilfe-migration.de\/wp-content\/uploads\/2022\/01\/Kondom-Pikto_7_2020-300x300.png 300w, https:\/\/niedersachsen-aidshilfe-migration.de\/wp-content\/uploads\/2022\/01\/Kondom-Pikto_7_2020-150x150.png 150w, https:\/\/niedersachsen-aidshilfe-migration.de\/wp-content\/uploads\/2022\/01\/Kondom-Pikto_7_2020.png 528w\" sizes=\"auto, (max-width: 300px) 100vw, 300px\" \/><\/p>\n<p>\u00d4tez le pr\u00e9servatif en le faisant rouler sur le p\u00e9nis. Jetez-le ensuite dans la poubelle (pas dans les toilettes). Le pr\u00e9servatif est \u00e0 usage unique.<\/p>\n<p><strong>Important : <\/strong>lors des rapports sexuels vaginaux, utilisez soit un pr\u00e9servatif externe, soit un pr\u00e9servatif interne. N\u2019utilisez jamais les deux en m\u00eame temps. L\u2019utilisation simultan\u00e9e de deux pr\u00e9servatifs provoque trop de frottements. Cela peut casser le pr\u00e9servatif externe ou le pr\u00e9servatif interne.<\/p>\n","protected":false},"excerpt":{"rendered":"<p>1. Ouvrir l\u2019emballage du pr\u00e9servatif D\u00e9chirez le sachet contenant le pr\u00e9servatif avec pr\u00e9caution au niveau du rebord dentel\u00e9 et sortez d\u00e9licatement le pr\u00e9servatif avec vos doigts. Veillez \u00e0 ne pas endommager le pr\u00e9servatif avec vos ongles ou vos bijoux. 2. Poser le pr\u00e9servatif sur le p\u00e9nis et pincer le r\u00e9servoir (l\u2019extr\u00e9mit\u00e9) avec deux doigts Vous [&hellip;]<\/p>\n","protected":false},"author":1,"featured_media":0,"parent":1392,"menu_order":6,"comment_status":"closed","ping_status":"closed","template":"","meta":{"inline_featured_image":false,"_genesis_hide_title":false,"_genesis_hide_breadcrumbs":false,"_genesis_hide_singular_image":false,"_genesis_hide_footer_widgets":false,"_genesis_custom_body_class":"","_genesis_custom_post_class":"","_genesis_layout":"","footnotes":""},"class_list":{"0":"post-1384","1":"page","2":"type-page","3":"status-publish","5":"entry","6":"override"},"_links":{"self":[{"href":"https:\/\/niedersachsen-aidshilfe-migration.de\/fr\/wp-json\/wp\/v2\/pages\/1384","targetHints":{"allow":["GET"]}}],"collection":[{"href":"https:\/\/niedersachsen-aidshilfe-migration.de\/fr\/wp-json\/wp\/v2\/pages"}],"about":[{"href":"https:\/\/niedersachsen-aidshilfe-migration.de\/fr\/wp-json\/wp\/v2\/types\/page"}],"author":[{"embeddable":true,"href":"https:\/\/niedersachsen-aidshilfe-migration.de\/fr\/wp-json\/wp\/v2\/users\/1"}],"replies":[{"embeddable":true,"href":"https:\/\/niedersachsen-aidshilfe-migration.de\/fr\/wp-json\/wp\/v2\/comments?post=1384"}],"version-history":[{"count":0,"href":"https:\/\/niedersachsen-aidshilfe-migration.de\/fr\/wp-json\/wp\/v2\/pages\/1384\/revisions"}],"up":[{"embeddable":true,"href":"https:\/\/niedersachsen-aidshilfe-migration.de\/fr\/wp-json\/wp\/v2\/pages\/1392"}],"wp:attachment":[{"href":"https:\/\/niedersachsen-aidshilfe-migration.de\/fr\/wp-json\/wp\/v2\/media?parent=1384"}],"curies":[{"name":"wp","href":"https:\/\/api.w.org\/{rel}","templated":true}]}}