{"id":1369,"date":"2022-01-07T09:11:19","date_gmt":"2022-01-07T08:11:19","guid":{"rendered":"https:\/\/niedersachsen-aidshilfe-migration.de\/?page_id=1369"},"modified":"2022-02-27T00:36:23","modified_gmt":"2022-02-26T23:36:23","slug":"diversite-et-asile","status":"publish","type":"page","link":"https:\/\/niedersachsen-aidshilfe-migration.de\/fr\/sexualite-et-autodetermination\/diversite-et-asile\/","title":{"rendered":"VIH et asile"},"content":{"rendered":"<p>Les personnes infect\u00e9es par le VIH peuvent vivre aussi bien que les personnes non infect\u00e9es. Pour que l\u2019infection au VIH ne mette pas votre vie en danger, elle doit \u00eatre d\u00e9tect\u00e9e et faire l\u2019objet d\u2019un traitement \u00e0 vie.<\/p>\n<p>Cela \u00e9tant possible en Allemagne mais pas dans tous les pays, l\u2019infection au VIH peut constituer un crit\u00e8re pour l\u2019obtention de l\u2019asile en Allemagne.<\/p>\n<p>Si vous avez des questions \u00e0 ce sujet, contactez une <u>Aidshilfe<\/u>.<\/p>\n<p><strong>\u00a0<\/strong><\/p>\n","protected":false},"excerpt":{"rendered":"<p>Les personnes infect\u00e9es par le VIH peuvent vivre aussi bien que les personnes non infect\u00e9es. Pour que l\u2019infection au VIH ne mette pas votre vie en danger, elle doit \u00eatre d\u00e9tect\u00e9e et faire l\u2019objet d\u2019un traitement \u00e0 vie. Cela \u00e9tant possible en Allemagne mais pas dans tous les pays, l\u2019infection au VIH peut constituer un [&hellip;]<\/p>\n","protected":false},"author":1,"featured_media":0,"parent":1354,"menu_order":215,"comment_status":"closed","ping_status":"closed","template":"","meta":{"inline_featured_image":false,"_genesis_hide_title":false,"_genesis_hide_breadcrumbs":false,"_genesis_hide_singular_image":false,"_genesis_hide_footer_widgets":false,"_genesis_custom_body_class":"","_genesis_custom_post_class":"","_genesis_layout":"","footnotes":""},"class_list":{"0":"post-1369","1":"page","2":"type-page","3":"status-publish","5":"entry","6":"override"},"_links":{"self":[{"href":"https:\/\/niedersachsen-aidshilfe-migration.de\/fr\/wp-json\/wp\/v2\/pages\/1369","targetHints":{"allow":["GET"]}}],"collection":[{"href":"https:\/\/niedersachsen-aidshilfe-migration.de\/fr\/wp-json\/wp\/v2\/pages"}],"about":[{"href":"https:\/\/niedersachsen-aidshilfe-migration.de\/fr\/wp-json\/wp\/v2\/types\/page"}],"author":[{"embeddable":true,"href":"https:\/\/niedersachsen-aidshilfe-migration.de\/fr\/wp-json\/wp\/v2\/users\/1"}],"replies":[{"embeddable":true,"href":"https:\/\/niedersachsen-aidshilfe-migration.de\/fr\/wp-json\/wp\/v2\/comments?post=1369"}],"version-history":[{"count":0,"href":"https:\/\/niedersachsen-aidshilfe-migration.de\/fr\/wp-json\/wp\/v2\/pages\/1369\/revisions"}],"up":[{"embeddable":true,"href":"https:\/\/niedersachsen-aidshilfe-migration.de\/fr\/wp-json\/wp\/v2\/pages\/1354"}],"wp:attachment":[{"href":"https:\/\/niedersachsen-aidshilfe-migration.de\/fr\/wp-json\/wp\/v2\/media?parent=1369"}],"curies":[{"name":"wp","href":"https:\/\/api.w.org\/{rel}","templated":true}]}}