{"id":1364,"date":"2022-01-07T09:08:05","date_gmt":"2022-01-07T08:08:05","guid":{"rendered":"https:\/\/niedersachsen-aidshilfe-migration.de\/?page_id=1364"},"modified":"2022-02-28T13:02:04","modified_gmt":"2022-02-28T12:02:04","slug":"orientation-sexuelle-et-identite-de-genre","status":"publish","type":"page","link":"https:\/\/niedersachsen-aidshilfe-migration.de\/fr\/sexualite-et-autodetermination\/orientation-sexuelle-et-identite-de-genre\/","title":{"rendered":"Orientation sexuelle et identit\u00e9 de genre"},"content":{"rendered":"<p>En Allemagne, il y a des lois contre les discriminations. Personne ne doit \u00eatre moins bien trait\u00e9 \u00e0 cause de son orientation sexuelle. Par exemple, les personnes homosexuelles ou bisexuelles ne sont pas poursuivies. Elles ne sont pas punies non plus. Les relations entre personnes du m\u00eame genre sont autoris\u00e9es. Un homme a le droit d\u2019aimer un homme. Une femme a le droit d\u2019aimer une femme. Les couples homosexuels peuvent aussi se marier.<\/p>\n<p>Cela est aussi valable pour l\u2019identit\u00e9 de genre. Les personnes transgenres et intersexes ne sont pas non plus poursuivies ou punies en Allemagne. Il existe de nombreuses identit\u00e9s de genre. Les d\u00e9nominations pour cela sont tr\u00e8s vari\u00e9es. Certaines personnes pr\u00e9f\u00e8rent par exemple le terme \u00ab personne trans \u00bb.<\/p>\n<p>L\u2019orientation sexuelle et l\u2019identit\u00e9 de genre peuvent changer au cours de la vie ou rester les m\u00eames. Il existe des services de consultation et de conseil qui traitent de ce sujet dans bon nombre de villes. Il y a aussi souvent des points de rencontre ou des \u00e9v\u00e9nements. La <em>Aidshilfe<\/em> pr\u00e8s de chez vous est l\u00e0 pour vous aider.<\/p>\n<p>Vous trouverez plus d\u2019informations sur l\u2019orientation sexuelle et l\u2019identit\u00e9 de genre sur <a href=\"http:\/\/www.zanzu.de\">www.zanzu.de<\/a>. Les informations sont disponibles en plusieurs langues, dont le fran\u00e7ais.<\/p>\n<p>Vous trouverez plus d\u2019informations sur l\u2019orientation sexuelle et l\u2019identit\u00e9 de genre en allemand simple sur :<br \/>\n<a href=\"https:\/\/www.regenbogenportal.de\/leichte-sprache\" target=\"_blank\" rel=\"noopener\">www.regenbogenportal.de\/leichte-sprache<\/a><br \/>\n<a href=\"https:\/\/www.liebesleben.de\/leichte-sprache\/\" target=\"_blank\" rel=\"noopener\">www.liebesleben.de\/leichte-sprache<\/a><\/p>\n<p>Vous trouverez plus d\u2019informations sur l\u2019orientation sexuelle et l\u2019identit\u00e9 de genre en allemand courant sur : <a href=\"https:\/\/www.liebesleben.de\/\" target=\"_blank\" rel=\"noopener\">www.liebesleben.de<\/a><\/p>\n","protected":false},"excerpt":{"rendered":"<p>En Allemagne, il y a des lois contre les discriminations. Personne ne doit \u00eatre moins bien trait\u00e9 \u00e0 cause de son orientation sexuelle. Par exemple, les personnes homosexuelles ou bisexuelles ne sont pas poursuivies. Elles ne sont pas punies non plus. Les relations entre personnes du m\u00eame genre sont autoris\u00e9es. Un homme a le droit [&hellip;]<\/p>\n","protected":false},"author":1,"featured_media":0,"parent":1354,"menu_order":213,"comment_status":"closed","ping_status":"closed","template":"","meta":{"inline_featured_image":false,"_genesis_hide_title":false,"_genesis_hide_breadcrumbs":false,"_genesis_hide_singular_image":false,"_genesis_hide_footer_widgets":false,"_genesis_custom_body_class":"","_genesis_custom_post_class":"","_genesis_layout":"","footnotes":""},"class_list":{"0":"post-1364","1":"page","2":"type-page","3":"status-publish","5":"entry","6":"override"},"_links":{"self":[{"href":"https:\/\/niedersachsen-aidshilfe-migration.de\/fr\/wp-json\/wp\/v2\/pages\/1364","targetHints":{"allow":["GET"]}}],"collection":[{"href":"https:\/\/niedersachsen-aidshilfe-migration.de\/fr\/wp-json\/wp\/v2\/pages"}],"about":[{"href":"https:\/\/niedersachsen-aidshilfe-migration.de\/fr\/wp-json\/wp\/v2\/types\/page"}],"author":[{"embeddable":true,"href":"https:\/\/niedersachsen-aidshilfe-migration.de\/fr\/wp-json\/wp\/v2\/users\/1"}],"replies":[{"embeddable":true,"href":"https:\/\/niedersachsen-aidshilfe-migration.de\/fr\/wp-json\/wp\/v2\/comments?post=1364"}],"version-history":[{"count":0,"href":"https:\/\/niedersachsen-aidshilfe-migration.de\/fr\/wp-json\/wp\/v2\/pages\/1364\/revisions"}],"up":[{"embeddable":true,"href":"https:\/\/niedersachsen-aidshilfe-migration.de\/fr\/wp-json\/wp\/v2\/pages\/1354"}],"wp:attachment":[{"href":"https:\/\/niedersachsen-aidshilfe-migration.de\/fr\/wp-json\/wp\/v2\/media?parent=1364"}],"curies":[{"name":"wp","href":"https:\/\/api.w.org\/{rel}","templated":true}]}}