{"id":1362,"date":"2022-01-07T09:06:25","date_gmt":"2022-01-07T08:06:25","guid":{"rendered":"https:\/\/niedersachsen-aidshilfe-migration.de\/?page_id=1362"},"modified":"2022-01-07T09:06:25","modified_gmt":"2022-01-07T08:06:25","slug":"diversite-dans-le-langage","status":"publish","type":"page","link":"https:\/\/niedersachsen-aidshilfe-migration.de\/fr\/sexualite-et-autodetermination\/diversite-dans-le-langage\/","title":{"rendered":"Diversit\u00e9 dans le langage"},"content":{"rendered":"<p>Il existe de nombreux mots pour d\u00e9signer les diff\u00e9rentes parties du corps et les organes g\u00e9nitaux. Les pratiques sexuelles ont aussi plusieurs noms. Tout le monde n\u2019utilise pas les m\u00eames mots. Peut-\u00eatre que nous n\u2019utilisons pas les m\u00eames mots que vous dans nos textes. C\u2019est tr\u00e8s bien comme \u00e7a ! Le langage est aussi divers que la sexualit\u00e9.<\/p>\n","protected":false},"excerpt":{"rendered":"<p>Il existe de nombreux mots pour d\u00e9signer les diff\u00e9rentes parties du corps et les organes g\u00e9nitaux. Les pratiques sexuelles ont aussi plusieurs noms. Tout le monde n\u2019utilise pas les m\u00eames mots. Peut-\u00eatre que nous n\u2019utilisons pas les m\u00eames mots que vous dans nos textes. C\u2019est tr\u00e8s bien comme \u00e7a ! Le langage est aussi divers [&hellip;]<\/p>\n","protected":false},"author":1,"featured_media":0,"parent":1354,"menu_order":212,"comment_status":"closed","ping_status":"closed","template":"","meta":{"inline_featured_image":false,"_genesis_hide_title":false,"_genesis_hide_breadcrumbs":false,"_genesis_hide_singular_image":false,"_genesis_hide_footer_widgets":false,"_genesis_custom_body_class":"","_genesis_custom_post_class":"","_genesis_layout":"","footnotes":""},"class_list":{"0":"post-1362","1":"page","2":"type-page","3":"status-publish","5":"entry","6":"override"},"_links":{"self":[{"href":"https:\/\/niedersachsen-aidshilfe-migration.de\/fr\/wp-json\/wp\/v2\/pages\/1362","targetHints":{"allow":["GET"]}}],"collection":[{"href":"https:\/\/niedersachsen-aidshilfe-migration.de\/fr\/wp-json\/wp\/v2\/pages"}],"about":[{"href":"https:\/\/niedersachsen-aidshilfe-migration.de\/fr\/wp-json\/wp\/v2\/types\/page"}],"author":[{"embeddable":true,"href":"https:\/\/niedersachsen-aidshilfe-migration.de\/fr\/wp-json\/wp\/v2\/users\/1"}],"replies":[{"embeddable":true,"href":"https:\/\/niedersachsen-aidshilfe-migration.de\/fr\/wp-json\/wp\/v2\/comments?post=1362"}],"version-history":[{"count":0,"href":"https:\/\/niedersachsen-aidshilfe-migration.de\/fr\/wp-json\/wp\/v2\/pages\/1362\/revisions"}],"up":[{"embeddable":true,"href":"https:\/\/niedersachsen-aidshilfe-migration.de\/fr\/wp-json\/wp\/v2\/pages\/1354"}],"wp:attachment":[{"href":"https:\/\/niedersachsen-aidshilfe-migration.de\/fr\/wp-json\/wp\/v2\/media?parent=1362"}],"curies":[{"name":"wp","href":"https:\/\/api.w.org\/{rel}","templated":true}]}}