{"id":1360,"date":"2022-01-07T09:05:24","date_gmt":"2022-01-07T08:05:24","guid":{"rendered":"https:\/\/niedersachsen-aidshilfe-migration.de\/?page_id=1360"},"modified":"2022-01-07T09:05:24","modified_gmt":"2022-01-07T08:05:24","slug":"diversite-sexuelle","status":"publish","type":"page","link":"https:\/\/niedersachsen-aidshilfe-migration.de\/fr\/sexualite-et-autodetermination\/diversite-sexuelle\/","title":{"rendered":"Diversit\u00e9 sexuelle"},"content":{"rendered":"<p>La sexualit\u00e9 est tr\u00e8s diverse. Les gens ont des corps et des organes g\u00e9nitaux de forme tr\u00e8s vari\u00e9e. Ils utilisent diff\u00e9rentes parties de leur corps et de leurs organes g\u00e9nitaux lors de leurs pratiques sexuelles. Certaines personnes aiment aussi utiliser des accessoires pour les aider ou des sextoys.<\/p>\n<p>Chacun aime le sexe de mani\u00e8re diff\u00e9rente. Certaines personnes n\u2019aiment pas du tout le sexe.<\/p>\n<p>Certaines personnes se sentent attir\u00e9es par les personnes dont le genre est diff\u00e9rent du leur. D\u2019autres se sentent attir\u00e9es par les personnes du m\u00eame genre. D\u2019autres encore se sentent attir\u00e9es par plusieurs genres.<\/p>\n<p>De nombreuses personnes souhaitent avoir une relation monogame, c\u2019est-\u00e0-dire une seule relation avec une seule personne. D\u2019autres ont plusieurs relations \u00e0 la fois.<\/p>\n<p>Certaines personnes aiment le sexe mais ne veulent pas de relation. D\u2019autres vivent une relation sans sexe.<\/p>\n<p>Tout cela est tr\u00e8s bien ! Cette diversit\u00e9 est formidable !<\/p>\n<p>Vous trouverez plus d\u2019informations sur la sexualit\u00e9, la diversit\u00e9 et les relations sur <a href=\"http:\/\/www.zanzu.de\">www.zanzu.de<\/a>. Les informations sont disponibles en plusieurs langues, dont le fran\u00e7ais.<\/p>\n","protected":false},"excerpt":{"rendered":"<p>La sexualit\u00e9 est tr\u00e8s diverse. Les gens ont des corps et des organes g\u00e9nitaux de forme tr\u00e8s vari\u00e9e. Ils utilisent diff\u00e9rentes parties de leur corps et de leurs organes g\u00e9nitaux lors de leurs pratiques sexuelles. Certaines personnes aiment aussi utiliser des accessoires pour les aider ou des sextoys. Chacun aime le sexe de mani\u00e8re diff\u00e9rente. [&hellip;]<\/p>\n","protected":false},"author":1,"featured_media":0,"parent":1354,"menu_order":210,"comment_status":"closed","ping_status":"closed","template":"","meta":{"inline_featured_image":false,"_genesis_hide_title":false,"_genesis_hide_breadcrumbs":false,"_genesis_hide_singular_image":false,"_genesis_hide_footer_widgets":false,"_genesis_custom_body_class":"","_genesis_custom_post_class":"","_genesis_layout":"sidebar-content","footnotes":""},"class_list":{"0":"post-1360","1":"page","2":"type-page","3":"status-publish","5":"entry","6":"override"},"_links":{"self":[{"href":"https:\/\/niedersachsen-aidshilfe-migration.de\/fr\/wp-json\/wp\/v2\/pages\/1360","targetHints":{"allow":["GET"]}}],"collection":[{"href":"https:\/\/niedersachsen-aidshilfe-migration.de\/fr\/wp-json\/wp\/v2\/pages"}],"about":[{"href":"https:\/\/niedersachsen-aidshilfe-migration.de\/fr\/wp-json\/wp\/v2\/types\/page"}],"author":[{"embeddable":true,"href":"https:\/\/niedersachsen-aidshilfe-migration.de\/fr\/wp-json\/wp\/v2\/users\/1"}],"replies":[{"embeddable":true,"href":"https:\/\/niedersachsen-aidshilfe-migration.de\/fr\/wp-json\/wp\/v2\/comments?post=1360"}],"version-history":[{"count":0,"href":"https:\/\/niedersachsen-aidshilfe-migration.de\/fr\/wp-json\/wp\/v2\/pages\/1360\/revisions"}],"up":[{"embeddable":true,"href":"https:\/\/niedersachsen-aidshilfe-migration.de\/fr\/wp-json\/wp\/v2\/pages\/1354"}],"wp:attachment":[{"href":"https:\/\/niedersachsen-aidshilfe-migration.de\/fr\/wp-json\/wp\/v2\/media?parent=1360"}],"curies":[{"name":"wp","href":"https:\/\/api.w.org\/{rel}","templated":true}]}}