{"id":1358,"date":"2022-01-07T09:02:49","date_gmt":"2022-01-07T08:02:49","guid":{"rendered":"https:\/\/niedersachsen-aidshilfe-migration.de\/?page_id=1358"},"modified":"2022-02-28T12:24:26","modified_gmt":"2022-02-28T11:24:26","slug":"droits-sexuels","status":"publish","type":"page","link":"https:\/\/niedersachsen-aidshilfe-migration.de\/fr\/sexualite-et-autodetermination\/droits-sexuels\/","title":{"rendered":"Droits sexuels"},"content":{"rendered":"<p>En Allemagne, vous pouvez d\u00e9cider vous-m\u00eame :<\/p>\n<ul>\n<li>si et quand vous pratiquez des actes sexuels.<\/li>\n<li>avec qui et comment vous pratiquez des actes sexuels.<\/li>\n<li>\u00e0 quelle fr\u00e9quence vous pratiquez des actes sexuels.<\/li>\n<li>si vous voulez vous marier ou pas.<\/li>\n<li>avec qui vous voulez vous marier.<\/li>\n<li>si vous voulez avoir des enfants.<\/li>\n<\/ul>\n<p><strong>Personne n\u2019a le droit d\u2019obliger une autre personne \u00e0 pratiquer des actes sexuels. <\/strong>Ceci est valable pour tous. Ni votre famille, ni votre partenaire, ni votre entourage n\u2019ont le droit de vous forcer. Vous non plus, vous n\u2019avez pas le droit de forcer quelqu\u2019un \u00e0 pratiquer des actes sexuels.<\/p>\n<p><strong>La sexualit\u00e9 doit toujours \u00eatre choisie librement. Chaque personne a le droit de d\u00e9cider de la mani\u00e8re dont elle dispose de son corps.<\/strong><\/p>\n<p>Quelqu\u2019un vous force-t-il \u00e0 pratiquer des actes sexuels ? Il s\u2019agit alors de violences sexuelles ou d\u2019abus sexuels. En Allemagne, cela est interdit par la loi et passible de sanctions. Vous \u00eates victime de violences ou d\u2019abus sexuels ? Parlez-en \u00e0 une personne en qui vous avez confiance, ou contactez un service de consultation et de conseil. La <em>Aidshilfe<\/u><\/em> pr\u00e8s de chez vous<\/u> vous donnera les coordonn\u00e9es et adresses n\u00e9cessaires.<\/p>\n<p>En Allemagne, les enfants et les jeunes font l\u2019objet d\u2019une protection particuli\u00e8re.<\/p>\n<p>Le terme \u00ab enfant \u00bb d\u00e9signe toute personne de moins de 14 ans. Le terme \u00ab jeune \u00bb d\u00e9signe toute personne entre 14 et 17 ans. Toute personne \u00e0 partir de 18 ans est consid\u00e9r\u00e9e comme adulte.<\/p>\n<p>Les adultes et les jeunes n\u2019ont pas le droit de pratiquer des actes sexuels avec les enfants. Ces actes sont interdits et passibles de sanctions. Les rapports sexuels entre parents et enfants ou entre fr\u00e8res et s\u0153urs sont interdits, peu importe l\u2019\u00e2ge.<\/p>\n<p>Pour plus d\u2019informations sur les lois qui prot\u00e8gent les enfants et les jeunes, rendez-vous sur le site <a href=\"http:\/\/www.zanzu.de\" target=\"_blank\" rel=\"noopener\">www.zanzu.de<\/a>. Les informations sont disponibles en plusieurs langues.<\/p>\n","protected":false},"excerpt":{"rendered":"<p>En Allemagne, vous pouvez d\u00e9cider vous-m\u00eame : si et quand vous pratiquez des actes sexuels. avec qui et comment vous pratiquez des actes sexuels. \u00e0 quelle fr\u00e9quence vous pratiquez des actes sexuels. si vous voulez vous marier ou pas. avec qui vous voulez vous marier. si vous voulez avoir des enfants. Personne n\u2019a le droit [&hellip;]<\/p>\n","protected":false},"author":1,"featured_media":0,"parent":1354,"menu_order":209,"comment_status":"closed","ping_status":"closed","template":"","meta":{"inline_featured_image":false,"_genesis_hide_title":false,"_genesis_hide_breadcrumbs":false,"_genesis_hide_singular_image":false,"_genesis_hide_footer_widgets":false,"_genesis_custom_body_class":"","_genesis_custom_post_class":"","_genesis_layout":"sidebar-content","footnotes":""},"class_list":{"0":"post-1358","1":"page","2":"type-page","3":"status-publish","5":"entry","6":"override"},"_links":{"self":[{"href":"https:\/\/niedersachsen-aidshilfe-migration.de\/fr\/wp-json\/wp\/v2\/pages\/1358","targetHints":{"allow":["GET"]}}],"collection":[{"href":"https:\/\/niedersachsen-aidshilfe-migration.de\/fr\/wp-json\/wp\/v2\/pages"}],"about":[{"href":"https:\/\/niedersachsen-aidshilfe-migration.de\/fr\/wp-json\/wp\/v2\/types\/page"}],"author":[{"embeddable":true,"href":"https:\/\/niedersachsen-aidshilfe-migration.de\/fr\/wp-json\/wp\/v2\/users\/1"}],"replies":[{"embeddable":true,"href":"https:\/\/niedersachsen-aidshilfe-migration.de\/fr\/wp-json\/wp\/v2\/comments?post=1358"}],"version-history":[{"count":0,"href":"https:\/\/niedersachsen-aidshilfe-migration.de\/fr\/wp-json\/wp\/v2\/pages\/1358\/revisions"}],"up":[{"embeddable":true,"href":"https:\/\/niedersachsen-aidshilfe-migration.de\/fr\/wp-json\/wp\/v2\/pages\/1354"}],"wp:attachment":[{"href":"https:\/\/niedersachsen-aidshilfe-migration.de\/fr\/wp-json\/wp\/v2\/media?parent=1358"}],"curies":[{"name":"wp","href":"https:\/\/api.w.org\/{rel}","templated":true}]}}