{"id":2168,"date":"2022-01-18T11:23:21","date_gmt":"2022-01-18T10:23:21","guid":{"rendered":"https:\/\/niedersachsen-aidshilfe-migration.de\/?page_id=2168"},"modified":"2022-02-04T12:31:21","modified_gmt":"2022-02-04T11:31:21","slug":"informacion-general-sobre-el-uso-de-preservativos-y-condones-femeninos","status":"publish","type":"page","link":"https:\/\/niedersachsen-aidshilfe-migration.de\/es\/sexualidad-y-salud\/informacion-general-sobre-el-uso-de-preservativos-y-condones-femeninos\/","title":{"rendered":"Informaci\u00f3n general sobre el uso de preservativos y condones femeninos"},"content":{"rendered":"<p>Para muchas personas la sexualidad forma parte de la vida. La sexualidad va acompa\u00f1ada de sentimientos como el amor, el deseo o la sensaci\u00f3n de seguridad. La cercan\u00eda f\u00edsica entre las personas es muy importante para la sexualidad, para los sentimientos, la confianza y la excitaci\u00f3n.<\/p>\n<p>Cada persona vive la sexualidad a su manera. La sexualidad es diversa y variada. Cada persona tiene distintas preferencias sexuales y \u00a1todas son igualmente v\u00e1lidas!<\/p>\n<p>Una cosa es especialmente importante: las relaciones sexuales tienen que ser siempre voluntarias y consentidas. Esto significa que todas las personas implicadas tienen que dar su consentimiento antes de mantener relaciones sexuales. Y que todas las personas son due\u00f1as de su propio cuerpo.<\/p>\n<p><strong>Los preservativos y los condones femeninos:<\/strong><\/p>\n<ul>\n<li>protegen del VIH y del SIDA cuando se mantienen relaciones sexuales,<\/li>\n<li>previenen de infecciones de transmisi\u00f3n sexual (ITS),<\/li>\n<li>y evitan embarazos no deseados.<\/li>\n<\/ul>\n<p><strong>Preservativos<\/strong><\/p>\n<p>Puedes usar preservativos tanto para el pene como para los juguetes sexuales. En Alemania, el uso del preservativo est\u00e1 muy difundido.<\/p>\n<p><strong>Condones femeninos<\/strong><\/p>\n<p>Los condones femeninos se introducen en la vagina. El uso de los condones femeninos no est\u00e1 muy extendido en Alemania. Y son m\u00e1s caros que los preservativos. Algunas farmacias venden condones femeninos. Puedes obtener m\u00e1s informaci\u00f3n sobre este tema en cualquier centro de Aidshilfe.<\/p>\n<p>Los preservativos y los condones femeninos evitan el contacto entre las mucosas de las personas que mantienen relaciones sexuales. De esta manera no se intercambian fluidos corporales durante el sexo. Esto es importante. Ya que a trav\u00e9s de las mucosas o fluidos corporales se puede transmitir el VIH u otras ITS. Adem\u00e1s protegen contra embarazos no deseados.<\/p>\n<p><strong>Los preservativos y los condones femeninos ofrecen protecci\u00f3n cuando mantienes relaciones exuales:<\/strong> en relaciones nuevas, en relaciones de larga duraci\u00f3n o cuando se tienen relaciones sexuales con alguien por primera vez. Los preservativos, en particular, son muy seguros. Se puede practicar el uso de preservativos o condones femeninos para que sea m\u00e1s f\u00e1cil pon\u00e9rselos cuando desees mantener relaciones sexuales. A muchas personas les resulta f\u00e1cil utilizar preservativos o condones femeninos. Al usar preservativos, muchas personas tambi\u00e9n se sienten m\u00e1s relajadas durante el sexo. El sexo puede ser a\u00fan m\u00e1s divertido cuando se usa protecci\u00f3n.<\/p>\n<p>Los preservativos y los condones femeninos est\u00e1n disponibles en <strong>diferentes materiales<\/strong>. La mayor\u00eda son de l\u00e1tex, pol\u00edmero de nitrilo o poliuretano.<\/p>\n<p>Los preservativos y los condones femeninos tienen <strong>fecha de caducidad<\/strong>, consulta el envoltorio. Un preservativo o cond\u00f3n femenino caducado, no ofrece la protecci\u00f3n adecuada. Por eso, antes de mantener relaciones sexuales, comprueba que el preservativo o cond\u00f3n femenino no haya caducado. Las letras <strong>CE <\/strong>impresas en el envoltorio, son un signo de calidad europea, aseg\u00farate de usar preservativos con este distintivo. Los preservativos o condones femeninos con este distintivo se han sometido a las pruebas de calidad correspondientes.<\/p>\n<p><strong>Importante: <\/strong>por favor, utiliza solo <strong>o <\/strong>un preservativo <strong>o <\/strong>un cond\u00f3n femenino durante el sexo vaginal. Si usas dos preservativos o condones femeninos juntos, puede darse demasiada fricci\u00f3n y se podr\u00eda romper uno de los dos.<\/p>\n<p><strong>Lubricantes<\/strong><\/p>\n<p>Cuando tengas relaciones sexuales vaginales o anales con preservativo, puedes usar lubricante. Esto facilita la inserci\u00f3n del pene con preservativo. Y resulta m\u00e1s agradable para muchas personas. El lubricante tambi\u00e9n protege el preservativo.<\/p>\n<p>En primer lugar, desenrolla el preservativo sobre el pene y, a continuaci\u00f3n, aplica lubricante en el preservativo.<\/p>\n<p>Adem\u00e1s, algunos condones femeninos recomiendan el uso de lubricante. Esta informaci\u00f3n la encontrar\u00e1s en el prospecto de este.<\/p>\n<p>Normalmente, se puede adquirir lubricante en las mismas tiendas que los condones.<\/p>\n<p><strong>Atenci\u00f3n:<\/strong> los lubricantes de calidad est\u00e1n hechos con una base de agua o silicona. Los productos grasos pueden romper los preservativos y los condones femeninos. Un cond\u00f3n roto no ofrece la protecci\u00f3n adecuada. No uses los siguientes productos como lubricante en combinaci\u00f3n con condones: aceite de coco, aceite para masajes, aceite de beb\u00e9, loci\u00f3n corporal, vaselina, mantequilla o margarina.<\/p>\n<p>&nbsp;<\/p>\n","protected":false},"excerpt":{"rendered":"<p>Para muchas personas la sexualidad forma parte de la vida. La sexualidad va acompa\u00f1ada de sentimientos como el amor, el deseo o la sensaci\u00f3n de seguridad. La cercan\u00eda f\u00edsica entre las personas es muy importante para la sexualidad, para los sentimientos, la confianza y la excitaci\u00f3n. Cada persona vive la sexualidad a su manera. La [&hellip;]<\/p>\n","protected":false},"author":3,"featured_media":0,"parent":1548,"menu_order":5,"comment_status":"closed","ping_status":"closed","template":"","meta":{"inline_featured_image":false,"_genesis_hide_title":false,"_genesis_hide_breadcrumbs":false,"_genesis_hide_singular_image":false,"_genesis_hide_footer_widgets":false,"_genesis_custom_body_class":"","_genesis_custom_post_class":"","_genesis_layout":"sidebar-content","footnotes":""},"class_list":{"0":"post-2168","1":"page","2":"type-page","3":"status-publish","5":"entry","6":"override"},"_links":{"self":[{"href":"https:\/\/niedersachsen-aidshilfe-migration.de\/es\/wp-json\/wp\/v2\/pages\/2168","targetHints":{"allow":["GET"]}}],"collection":[{"href":"https:\/\/niedersachsen-aidshilfe-migration.de\/es\/wp-json\/wp\/v2\/pages"}],"about":[{"href":"https:\/\/niedersachsen-aidshilfe-migration.de\/es\/wp-json\/wp\/v2\/types\/page"}],"author":[{"embeddable":true,"href":"https:\/\/niedersachsen-aidshilfe-migration.de\/es\/wp-json\/wp\/v2\/users\/3"}],"replies":[{"embeddable":true,"href":"https:\/\/niedersachsen-aidshilfe-migration.de\/es\/wp-json\/wp\/v2\/comments?post=2168"}],"version-history":[{"count":0,"href":"https:\/\/niedersachsen-aidshilfe-migration.de\/es\/wp-json\/wp\/v2\/pages\/2168\/revisions"}],"up":[{"embeddable":true,"href":"https:\/\/niedersachsen-aidshilfe-migration.de\/es\/wp-json\/wp\/v2\/pages\/1548"}],"wp:attachment":[{"href":"https:\/\/niedersachsen-aidshilfe-migration.de\/es\/wp-json\/wp\/v2\/media?parent=2168"}],"curies":[{"name":"wp","href":"https:\/\/api.w.org\/{rel}","templated":true}]}}