{"id":2158,"date":"2022-01-18T09:36:13","date_gmt":"2022-01-18T08:36:13","guid":{"rendered":"https:\/\/niedersachsen-aidshilfe-migration.de\/?page_id=2158"},"modified":"2022-02-04T12:57:09","modified_gmt":"2022-02-04T11:57:09","slug":"asesoramiento","status":"publish","type":"page","link":"https:\/\/niedersachsen-aidshilfe-migration.de\/es\/asesoramiento\/","title":{"rendered":"Asesoramiento"},"content":{"rendered":"<p><u>Aidshilfe<\/u> ofrece asesoramiento gratuito sobre muchos temas:<\/p>\n<ul>\n<li>Sexo y salud<\/li>\n<li>Pruebas de detecci\u00f3n del VIH y otras infecciones de transmisi\u00f3n sexual (ITS)<\/li>\n<li>Tratamiento m\u00e9dico del VIH e ITS<\/li>\n<li>Vivir con el VIH<\/li>\n<li>Autodeterminaci\u00f3n sexual<\/li>\n<li>Diversidad sexual y de g\u00e9nero<\/li>\n<li>Protecci\u00f3n contra la discriminaci\u00f3n<\/li>\n<\/ul>\n<p><strong>\u00bfTienes preguntas sobre el VIH u otras ITS?<\/strong> <u>Aidshilfe<\/u> te presta la ayuda necesaria. Por ejemplo, te asesoramos sobre estos temas: \u00bfC\u00f3mo se contagia el VIH u otras ITS? \u00bfQu\u00e9 protecci\u00f3n hay contra el VIH u otras ITS? \u00bfC\u00f3mo se puede tratar el VIH u otras ITS? El asesoramiento es gratuito y confidencial. No es necesario que indiques tu nombre.<\/p>\n<p>\u00bfHas tenido problemas con el preservativo o con el cond\u00f3n femenino? \u00bfLe preocupa que se haya contagiado al mantener relaciones sexuales? El <u>centro Aidshilfe m\u00e1s cercano<\/u> estar\u00e1 encantado de asesorarte.<\/p>\n<p>\u00bfDeseas saber si tienes el VIH u otras ITS? Puedes hacerte una prueba cuando lo desees. <strong>Puedes hacerte la prueba del VIH u otras ITS en muchos centros de <u>Aidshilfe<\/u> o centros de salud.<\/strong> La prueba es an\u00f3nima. Solo t\u00fa conocer\u00e1s el resultado de la prueba. Puedes obtener m\u00e1s informaci\u00f3n al respecto en tu centro Aidshilfe m\u00e1s cercano.<\/p>\n<p>Las personas con VIH pueden tener la misma calidad de vida que las que no lo tienen. Pero para ello hay que someterse a tratamiento y tomar la <strong>medicaci\u00f3n<\/strong> adecuada. Esto es posible en Alemania. En otros pa\u00edses no se puede. Por lo tanto, una infecci\u00f3n con el VIH puede ser un <strong>motivo para recibir asilo <\/strong>en Alemania. \u00bfTienes preguntas? En ese caso, <u>Aidshilfe<\/u> puede ayudarte.<\/p>\n<p>\u00bfHas sido perseguido en tu pa\u00eds de origen por tu orientaci\u00f3n sexual o identidad de g\u00e9nero? Esto puede ser un <strong>motivo para recibir asilo<\/strong> en Alemania.<br \/>\nAqu\u00ed encontrar\u00e1s informaci\u00f3n importante sobre el tema <a href=\"http:\/\/www.queer-refugees.de\"><strong>www.queer-refugees.de<\/strong><\/a><br \/>\nLa informaci\u00f3n est\u00e1 disponible en varios idiomas.<\/p>\n","protected":false},"excerpt":{"rendered":"<p>Aidshilfe ofrece asesoramiento gratuito sobre muchos temas: Sexo y salud Pruebas de detecci\u00f3n del VIH y otras infecciones de transmisi\u00f3n sexual (ITS) Tratamiento m\u00e9dico del VIH e ITS Vivir con el VIH Autodeterminaci\u00f3n sexual Diversidad sexual y de g\u00e9nero Protecci\u00f3n contra la discriminaci\u00f3n \u00bfTienes preguntas sobre el VIH u otras ITS? Aidshilfe te presta la [&hellip;]<\/p>\n","protected":false},"author":1,"featured_media":0,"parent":0,"menu_order":11,"comment_status":"closed","ping_status":"closed","template":"","meta":{"inline_featured_image":false,"_genesis_hide_title":false,"_genesis_hide_breadcrumbs":false,"_genesis_hide_singular_image":false,"_genesis_hide_footer_widgets":false,"_genesis_custom_body_class":"","_genesis_custom_post_class":"","_genesis_layout":"full-width-content","footnotes":""},"class_list":{"0":"post-2158","1":"page","2":"type-page","3":"status-publish","5":"entry","6":"override"},"_links":{"self":[{"href":"https:\/\/niedersachsen-aidshilfe-migration.de\/es\/wp-json\/wp\/v2\/pages\/2158","targetHints":{"allow":["GET"]}}],"collection":[{"href":"https:\/\/niedersachsen-aidshilfe-migration.de\/es\/wp-json\/wp\/v2\/pages"}],"about":[{"href":"https:\/\/niedersachsen-aidshilfe-migration.de\/es\/wp-json\/wp\/v2\/types\/page"}],"author":[{"embeddable":true,"href":"https:\/\/niedersachsen-aidshilfe-migration.de\/es\/wp-json\/wp\/v2\/users\/1"}],"replies":[{"embeddable":true,"href":"https:\/\/niedersachsen-aidshilfe-migration.de\/es\/wp-json\/wp\/v2\/comments?post=2158"}],"version-history":[{"count":0,"href":"https:\/\/niedersachsen-aidshilfe-migration.de\/es\/wp-json\/wp\/v2\/pages\/2158\/revisions"}],"wp:attachment":[{"href":"https:\/\/niedersachsen-aidshilfe-migration.de\/es\/wp-json\/wp\/v2\/media?parent=2158"}],"curies":[{"name":"wp","href":"https:\/\/api.w.org\/{rel}","templated":true}]}}