{"id":2153,"date":"2022-01-18T09:30:40","date_gmt":"2022-01-18T08:30:40","guid":{"rendered":"https:\/\/niedersachsen-aidshilfe-migration.de\/?page_id=2153"},"modified":"2022-02-04T12:48:18","modified_gmt":"2022-02-04T11:48:18","slug":"sexo-oral","status":"publish","type":"page","link":"https:\/\/niedersachsen-aidshilfe-migration.de\/es\/sexualidad-y-salud\/sexo-oral\/","title":{"rendered":"Sexo oral"},"content":{"rendered":"<p>Hay diferentes tipos de sexo oral. Cuando la boca estimula el pene se suele hablar de \u00abmamar\u00bb. Cuando la boca estimula la vulva o la vagina se suele hablar de \u00abchupar\u00bb.<\/p>\n<p>Durante el sexo oral el riesgo de contraer el VIH es muy bajo.<\/p>\n<p>Al <strong>mamar<\/strong>, los condones pueden protegerte de las enfermedades de transmisi\u00f3n sexual (ITS). Para protegerse del VIH, cuando se hace una mamada no es necesario el uso del preservativo, si no entra esperma en la boca. Si no usa preservativo hay que sacar el pene de la boca, antes de alcanzar el orgasmo. El l\u00edquido preseminal no transmite el VIH cuando se hace una mamada. El l\u00edquido preseminal es un l\u00edquido que expulsa el pene en peque\u00f1as cantidades durante la excitaci\u00f3n sexual y antes del orgasmo. El pene expulsa l\u00edquido preseminal <strong>antes de<\/strong> la eyaculaci\u00f3n.<\/p>\n<p>\u00bfQuieres protegerte de las ITS cuando <strong>chupes<\/strong> una vulva o vagina? Para ello, desenrolla un preservativo sobre dos dedos y c\u00f3rtalo por un lado. Coloca el preservativo desplegado sobre la vulva como si fuera un pa\u00f1o. Si al chupar no entras en contacto con sangre, no necesitas proteger la vulva para no contraer el VIH. Si la mujer tiene la regla cuando teng\u00e1is relaciones sexuales, es necesario un cond\u00f3n para protegerse del VIH.<\/p>\n<p>&nbsp;<\/p>\n<p>&nbsp;<\/p>\n","protected":false},"excerpt":{"rendered":"<p>Hay diferentes tipos de sexo oral. Cuando la boca estimula el pene se suele hablar de \u00abmamar\u00bb. Cuando la boca estimula la vulva o la vagina se suele hablar de \u00abchupar\u00bb. Durante el sexo oral el riesgo de contraer el VIH es muy bajo. Al mamar, los condones pueden protegerte de las enfermedades de transmisi\u00f3n [&hellip;]<\/p>\n","protected":false},"author":3,"featured_media":0,"parent":1548,"menu_order":9,"comment_status":"closed","ping_status":"closed","template":"","meta":{"inline_featured_image":false,"_genesis_hide_title":false,"_genesis_hide_breadcrumbs":false,"_genesis_hide_singular_image":false,"_genesis_hide_footer_widgets":false,"_genesis_custom_body_class":"","_genesis_custom_post_class":"","_genesis_layout":"","footnotes":""},"class_list":{"0":"post-2153","1":"page","2":"type-page","3":"status-publish","5":"entry","6":"override"},"_links":{"self":[{"href":"https:\/\/niedersachsen-aidshilfe-migration.de\/es\/wp-json\/wp\/v2\/pages\/2153","targetHints":{"allow":["GET"]}}],"collection":[{"href":"https:\/\/niedersachsen-aidshilfe-migration.de\/es\/wp-json\/wp\/v2\/pages"}],"about":[{"href":"https:\/\/niedersachsen-aidshilfe-migration.de\/es\/wp-json\/wp\/v2\/types\/page"}],"author":[{"embeddable":true,"href":"https:\/\/niedersachsen-aidshilfe-migration.de\/es\/wp-json\/wp\/v2\/users\/3"}],"replies":[{"embeddable":true,"href":"https:\/\/niedersachsen-aidshilfe-migration.de\/es\/wp-json\/wp\/v2\/comments?post=2153"}],"version-history":[{"count":0,"href":"https:\/\/niedersachsen-aidshilfe-migration.de\/es\/wp-json\/wp\/v2\/pages\/2153\/revisions"}],"up":[{"embeddable":true,"href":"https:\/\/niedersachsen-aidshilfe-migration.de\/es\/wp-json\/wp\/v2\/pages\/1548"}],"wp:attachment":[{"href":"https:\/\/niedersachsen-aidshilfe-migration.de\/es\/wp-json\/wp\/v2\/media?parent=2153"}],"curies":[{"name":"wp","href":"https:\/\/api.w.org\/{rel}","templated":true}]}}