{"id":2145,"date":"2022-01-18T09:23:01","date_gmt":"2022-01-18T08:23:01","guid":{"rendered":"https:\/\/niedersachsen-aidshilfe-migration.de\/?page_id=2145"},"modified":"2022-02-04T12:40:00","modified_gmt":"2022-02-04T11:40:00","slug":"lubricantes","status":"publish","type":"page","link":"https:\/\/niedersachsen-aidshilfe-migration.de\/es\/sexualidad-y-salud\/lubricantes\/","title":{"rendered":"Lubricantes"},"content":{"rendered":"<p>Cuando tengas relaciones sexuales vaginales o anales con preservativo, puedes usar lubricante. Primero, desenrolla el preservativo hasta la base del pene. A continuaci\u00f3n, aplica una cantidad suficiente de lubricante sobre el pene. Esto facilita la inserci\u00f3n del pene con preservativo. Y resulta m\u00e1s agradable para muchas personas. El lubricante tambi\u00e9n protege el preservativo.<\/p>\n<p>Adem\u00e1s, algunos condones femeninos recomiendan el uso de lubricante. Esta informaci\u00f3n la encontrar\u00e1s en el prospecto de este.<\/p>\n<p>Normalmente, se puede adquirir lubricante en las mismas tiendas que los condones.<\/p>\n<p><strong>Atenci\u00f3n:<\/strong> los lubricantes de calidad est\u00e1n hechos con una base de agua o silicona. Los productos grasos pueden romper los preservativos y los condones femeninos. Un cond\u00f3n roto no ofrece la protecci\u00f3n adecuada. No uses los siguientes productos como lubricante en combinaci\u00f3n con condones: aceite de coco, aceite para masajes, aceite de beb\u00e9, loci\u00f3n corporal, vaselina, mantequilla o margarina.<\/p>\n","protected":false},"excerpt":{"rendered":"<p>Cuando tengas relaciones sexuales vaginales o anales con preservativo, puedes usar lubricante. Primero, desenrolla el preservativo hasta la base del pene. A continuaci\u00f3n, aplica una cantidad suficiente de lubricante sobre el pene. Esto facilita la inserci\u00f3n del pene con preservativo. Y resulta m\u00e1s agradable para muchas personas. El lubricante tambi\u00e9n protege el preservativo. Adem\u00e1s, algunos [&hellip;]<\/p>\n","protected":false},"author":3,"featured_media":0,"parent":1548,"menu_order":8,"comment_status":"closed","ping_status":"closed","template":"","meta":{"inline_featured_image":false,"_genesis_hide_title":false,"_genesis_hide_breadcrumbs":false,"_genesis_hide_singular_image":false,"_genesis_hide_footer_widgets":false,"_genesis_custom_body_class":"","_genesis_custom_post_class":"","_genesis_layout":"","footnotes":""},"class_list":{"0":"post-2145","1":"page","2":"type-page","3":"status-publish","5":"entry","6":"override"},"_links":{"self":[{"href":"https:\/\/niedersachsen-aidshilfe-migration.de\/es\/wp-json\/wp\/v2\/pages\/2145","targetHints":{"allow":["GET"]}}],"collection":[{"href":"https:\/\/niedersachsen-aidshilfe-migration.de\/es\/wp-json\/wp\/v2\/pages"}],"about":[{"href":"https:\/\/niedersachsen-aidshilfe-migration.de\/es\/wp-json\/wp\/v2\/types\/page"}],"author":[{"embeddable":true,"href":"https:\/\/niedersachsen-aidshilfe-migration.de\/es\/wp-json\/wp\/v2\/users\/3"}],"replies":[{"embeddable":true,"href":"https:\/\/niedersachsen-aidshilfe-migration.de\/es\/wp-json\/wp\/v2\/comments?post=2145"}],"version-history":[{"count":0,"href":"https:\/\/niedersachsen-aidshilfe-migration.de\/es\/wp-json\/wp\/v2\/pages\/2145\/revisions"}],"up":[{"embeddable":true,"href":"https:\/\/niedersachsen-aidshilfe-migration.de\/es\/wp-json\/wp\/v2\/pages\/1548"}],"wp:attachment":[{"href":"https:\/\/niedersachsen-aidshilfe-migration.de\/es\/wp-json\/wp\/v2\/media?parent=2145"}],"curies":[{"name":"wp","href":"https:\/\/api.w.org\/{rel}","templated":true}]}}