{"id":2064,"date":"2022-01-17T09:30:50","date_gmt":"2022-01-17T08:30:50","guid":{"rendered":"https:\/\/niedersachsen-aidshilfe-migration.de\/?page_id=2064"},"modified":"2022-01-17T09:30:50","modified_gmt":"2022-01-17T08:30:50","slug":"medicamentos-contra-el-vih","status":"publish","type":"page","link":"https:\/\/niedersachsen-aidshilfe-migration.de\/es\/vivir-con-el-vih\/medicamentos-contra-el-vih\/","title":{"rendered":"Medicamentos contra el VIH"},"content":{"rendered":"<p>Los medicamentos contra el VIH impiden que el virus se propague por el organismo. As\u00ed, las defensas del cuerpo pueden recuperarse. Con la medicaci\u00f3n adecuada, las personas con VIH pueden tener la misma calidad de vida que las que no lo tienen.<\/p>\n<p>Los medicamentos para el VIH permiten disfrutar de una vida de calidad y longeva. Cuanto antes se detecte la infecci\u00f3n mejor. As\u00ed, se puede recibir un tratamiento eficaz desde la fase inicial del VIH. Esto es importante para la salud y la esperanza de vida de las personas seropositivas.<\/p>\n<p>Las personas con VIH, es decir seropositivas, tienen que tomar la medicaci\u00f3n para el VIH todos los d\u00edas durante el resto de su vida. Por lo general, 1 o 2 comprimidos al d\u00eda son suficientes. La mayor\u00eda de las personas tienen pocos o ning\u00fan efecto secundario debido a la medicaci\u00f3n.<\/p>\n<p>Para su tratamiento, las personas con VIH deben acudir a una consulta m\u00e9dica especializada. Estas consultas se llaman en alem\u00e1n <em>HIV-Schwerpunktpraxis<\/em>, es decir una consulta especializada en VIH. En esta consulta se comprueba regularmente la eficacia de la terapia para el VIH. Hasta el momento, el VIH no tiene cura.<\/p>\n<p>En el siguiente enlace encontrar\u00e1s m\u00e1s informaci\u00f3n sobre el tratamiento del VIH en varios idiomas, incluido el espa\u00f1ol:<\/p>\n<p><a href=\"https:\/\/www.aidshilfe.de\/hiv-behandlung\">xxx<\/a><\/p>\n<p>En el siguiente enlace encontrar\u00e1s m\u00e1s informaci\u00f3n sobre el tratamiento del VIH en alem\u00e1n:<\/p>\n<p><a href=\"https:\/\/www.aidshilfe.de\/hiv-behandlung\">https:\/\/www.aidshilfe.de\/hiv-behandlung<\/a><\/p>\n<p>En el siguiente enlace encontrar\u00e1s m\u00e1s informaci\u00f3n sobre el tratamiento del VIH en idioma alem\u00e1n simplificado:<\/p>\n<p><a href=\"https:\/\/www.aidshilfe.de\/hiv-behandlung\">xxx<\/a><\/p>\n","protected":false},"excerpt":{"rendered":"<p>Los medicamentos contra el VIH impiden que el virus se propague por el organismo. As\u00ed, las defensas del cuerpo pueden recuperarse. Con la medicaci\u00f3n adecuada, las personas con VIH pueden tener la misma calidad de vida que las que no lo tienen. Los medicamentos para el VIH permiten disfrutar de una vida de calidad y [&hellip;]<\/p>\n","protected":false},"author":3,"featured_media":0,"parent":1540,"menu_order":13,"comment_status":"closed","ping_status":"closed","template":"","meta":{"inline_featured_image":false,"_genesis_hide_title":false,"_genesis_hide_breadcrumbs":false,"_genesis_hide_singular_image":false,"_genesis_hide_footer_widgets":false,"_genesis_custom_body_class":"","_genesis_custom_post_class":"","_genesis_layout":"","footnotes":""},"class_list":{"0":"post-2064","1":"page","2":"type-page","3":"status-publish","5":"entry","6":"override"},"_links":{"self":[{"href":"https:\/\/niedersachsen-aidshilfe-migration.de\/es\/wp-json\/wp\/v2\/pages\/2064","targetHints":{"allow":["GET"]}}],"collection":[{"href":"https:\/\/niedersachsen-aidshilfe-migration.de\/es\/wp-json\/wp\/v2\/pages"}],"about":[{"href":"https:\/\/niedersachsen-aidshilfe-migration.de\/es\/wp-json\/wp\/v2\/types\/page"}],"author":[{"embeddable":true,"href":"https:\/\/niedersachsen-aidshilfe-migration.de\/es\/wp-json\/wp\/v2\/users\/3"}],"replies":[{"embeddable":true,"href":"https:\/\/niedersachsen-aidshilfe-migration.de\/es\/wp-json\/wp\/v2\/comments?post=2064"}],"version-history":[{"count":0,"href":"https:\/\/niedersachsen-aidshilfe-migration.de\/es\/wp-json\/wp\/v2\/pages\/2064\/revisions"}],"up":[{"embeddable":true,"href":"https:\/\/niedersachsen-aidshilfe-migration.de\/es\/wp-json\/wp\/v2\/pages\/1540"}],"wp:attachment":[{"href":"https:\/\/niedersachsen-aidshilfe-migration.de\/es\/wp-json\/wp\/v2\/media?parent=2064"}],"curies":[{"name":"wp","href":"https:\/\/api.w.org\/{rel}","templated":true}]}}