{"id":2058,"date":"2022-01-17T09:26:42","date_gmt":"2022-01-17T08:26:42","guid":{"rendered":"https:\/\/niedersachsen-aidshilfe-migration.de\/?page_id=2058"},"modified":"2022-01-17T09:26:42","modified_gmt":"2022-01-17T08:26:42","slug":"proteccion-mediante-preservativos-y-condones-femeninos","status":"publish","type":"page","link":"https:\/\/niedersachsen-aidshilfe-migration.de\/es\/vih\/proteccion-mediante-preservativos-y-condones-femeninos\/","title":{"rendered":"Protecci\u00f3n mediante preservativos y condones femeninos"},"content":{"rendered":"<p>Los preservativos protegen del VIH durante el sexo vaginal y el sexo anal. Los condones femeninos protegen del VIH durante el sexo vaginal. Los preservativos tambi\u00e9n ofrecen protecci\u00f3n cuando se comparten juguetes sexuales.<\/p>\n<p><strong>Para obtener m\u00e1s informaci\u00f3n sobre el uso seguro de preservativos y condones femeninos, haz clic <u>aqu\u00ed<\/u>.<\/strong><\/p>\n","protected":false},"excerpt":{"rendered":"<p>Los preservativos protegen del VIH durante el sexo vaginal y el sexo anal. Los condones femeninos protegen del VIH durante el sexo vaginal. Los preservativos tambi\u00e9n ofrecen protecci\u00f3n cuando se comparten juguetes sexuales. Para obtener m\u00e1s informaci\u00f3n sobre el uso seguro de preservativos y condones femeninos, haz clic aqu\u00ed.<\/p>\n","protected":false},"author":3,"featured_media":0,"parent":1557,"menu_order":100,"comment_status":"closed","ping_status":"closed","template":"","meta":{"inline_featured_image":false,"_genesis_hide_title":false,"_genesis_hide_breadcrumbs":false,"_genesis_hide_singular_image":false,"_genesis_hide_footer_widgets":false,"_genesis_custom_body_class":"","_genesis_custom_post_class":"","_genesis_layout":"","footnotes":""},"class_list":{"0":"post-2058","1":"page","2":"type-page","3":"status-publish","5":"entry","6":"override"},"_links":{"self":[{"href":"https:\/\/niedersachsen-aidshilfe-migration.de\/es\/wp-json\/wp\/v2\/pages\/2058","targetHints":{"allow":["GET"]}}],"collection":[{"href":"https:\/\/niedersachsen-aidshilfe-migration.de\/es\/wp-json\/wp\/v2\/pages"}],"about":[{"href":"https:\/\/niedersachsen-aidshilfe-migration.de\/es\/wp-json\/wp\/v2\/types\/page"}],"author":[{"embeddable":true,"href":"https:\/\/niedersachsen-aidshilfe-migration.de\/es\/wp-json\/wp\/v2\/users\/3"}],"replies":[{"embeddable":true,"href":"https:\/\/niedersachsen-aidshilfe-migration.de\/es\/wp-json\/wp\/v2\/comments?post=2058"}],"version-history":[{"count":0,"href":"https:\/\/niedersachsen-aidshilfe-migration.de\/es\/wp-json\/wp\/v2\/pages\/2058\/revisions"}],"up":[{"embeddable":true,"href":"https:\/\/niedersachsen-aidshilfe-migration.de\/es\/wp-json\/wp\/v2\/pages\/1557"}],"wp:attachment":[{"href":"https:\/\/niedersachsen-aidshilfe-migration.de\/es\/wp-json\/wp\/v2\/media?parent=2058"}],"curies":[{"name":"wp","href":"https:\/\/api.w.org\/{rel}","templated":true}]}}