{"id":1629,"date":"2022-01-07T17:11:16","date_gmt":"2022-01-07T16:11:16","guid":{"rendered":"https:\/\/niedersachsen-aidshilfe-migration.de\/?page_id=1629"},"modified":"2022-01-07T17:11:16","modified_gmt":"2022-01-07T16:11:16","slug":"vih-y-embarazo","status":"publish","type":"page","link":"https:\/\/niedersachsen-aidshilfe-migration.de\/es\/vivir-con-el-vih\/vih-y-embarazo\/","title":{"rendered":"VIH y embarazo"},"content":{"rendered":"<p>Las personas con VIH pueden tener descendencia sana. Y pueden dar a luz de forma natural. Para ello, es necesario que sigan un tratamiento efectivo contra el VIH. Los medicamentos contra el VIH protegen al beb\u00e9 durante el embarazo y el parto. Es importante contar con un asesoramiento y apoyo m\u00e9dico experto.<\/p>\n<p>Sin el tratamiento contra el VIH adecuado, el beb\u00e9 puede infectarse durante el embarazo, el parto o la lactancia.<\/p>\n<p>El <u>centro Aidshilfe m\u00e1s cercano<\/u> estar\u00e1 encantado de asesorarte. Aidshilfe puede apoyarte antes y despu\u00e9s del parto.<strong>\u00a0<\/strong><\/p>\n<p>En el siguiente enlace encontrar\u00e1s m\u00e1s informaci\u00f3n sobre VIH y embarazo en varios idiomas, incluido el espa\u00f1ol:<\/p>\n<p>xxx<\/p>\n<p>En el siguiente enlace encontrar\u00e1s m\u00e1s informaci\u00f3n sobre el VIH y embarazo en idioma alem\u00e1n simplificado:<\/p>\n<p>xxx<\/p>\n<p>En el siguiente enlace encontrar\u00e1s m\u00e1s informaci\u00f3n sobre el VIH y embarazo en alem\u00e1n:<\/p>\n<p><a href=\"https:\/\/www.aidshilfe.de\/kinderwunsch\">https:\/\/www.aidshilfe.de\/kinderwunsch<\/a><\/p>\n<p>&nbsp;<\/p>\n","protected":false},"excerpt":{"rendered":"<p>Las personas con VIH pueden tener descendencia sana. Y pueden dar a luz de forma natural. Para ello, es necesario que sigan un tratamiento efectivo contra el VIH. Los medicamentos contra el VIH protegen al beb\u00e9 durante el embarazo y el parto. Es importante contar con un asesoramiento y apoyo m\u00e9dico experto. Sin el tratamiento [&hellip;]<\/p>\n","protected":false},"author":3,"featured_media":0,"parent":1540,"menu_order":67,"comment_status":"closed","ping_status":"closed","template":"","meta":{"inline_featured_image":false,"_genesis_hide_title":false,"_genesis_hide_breadcrumbs":false,"_genesis_hide_singular_image":false,"_genesis_hide_footer_widgets":false,"_genesis_custom_body_class":"","_genesis_custom_post_class":"","_genesis_layout":"","footnotes":""},"class_list":{"0":"post-1629","1":"page","2":"type-page","3":"status-publish","5":"entry","6":"override"},"_links":{"self":[{"href":"https:\/\/niedersachsen-aidshilfe-migration.de\/es\/wp-json\/wp\/v2\/pages\/1629","targetHints":{"allow":["GET"]}}],"collection":[{"href":"https:\/\/niedersachsen-aidshilfe-migration.de\/es\/wp-json\/wp\/v2\/pages"}],"about":[{"href":"https:\/\/niedersachsen-aidshilfe-migration.de\/es\/wp-json\/wp\/v2\/types\/page"}],"author":[{"embeddable":true,"href":"https:\/\/niedersachsen-aidshilfe-migration.de\/es\/wp-json\/wp\/v2\/users\/3"}],"replies":[{"embeddable":true,"href":"https:\/\/niedersachsen-aidshilfe-migration.de\/es\/wp-json\/wp\/v2\/comments?post=1629"}],"version-history":[{"count":0,"href":"https:\/\/niedersachsen-aidshilfe-migration.de\/es\/wp-json\/wp\/v2\/pages\/1629\/revisions"}],"up":[{"embeddable":true,"href":"https:\/\/niedersachsen-aidshilfe-migration.de\/es\/wp-json\/wp\/v2\/pages\/1540"}],"wp:attachment":[{"href":"https:\/\/niedersachsen-aidshilfe-migration.de\/es\/wp-json\/wp\/v2\/media?parent=1629"}],"curies":[{"name":"wp","href":"https:\/\/api.w.org\/{rel}","templated":true}]}}