{"id":1627,"date":"2022-01-07T17:10:29","date_gmt":"2022-01-07T16:10:29","guid":{"rendered":"https:\/\/niedersachsen-aidshilfe-migration.de\/?page_id=1627"},"modified":"2022-01-07T17:10:29","modified_gmt":"2022-01-07T16:10:29","slug":"vih-en-la-pareja","status":"publish","type":"page","link":"https:\/\/niedersachsen-aidshilfe-migration.de\/es\/vivir-con-el-vih\/vih-en-la-pareja\/","title":{"rendered":"VIH en la pareja"},"content":{"rendered":"<p>Una infecci\u00f3n por VIH puede provocar estr\u00e9s y ansiedad en una relaci\u00f3n. En esta situaci\u00f3n es importante que las partes implicadas est\u00e9n bien informadas y hablen sincera y abiertamente entre s\u00ed. Acudir en pareja a un centro Aidshilfe para recibir asesoramiento puede ser de gran ayuda.<\/p>\n<p>El <u>centro Aidshilfe m\u00e1s cercano<\/u> estar\u00e1 encantado de apoyarte para que puedas afrontar mejor la situaci\u00f3n.<\/p>\n<p>En el siguiente enlace encontrar\u00e1s m\u00e1s informaci\u00f3n sobre el VIH y la pareja en varios idiomas, incluido el espa\u00f1ol:<\/p>\n<p><a href=\"https:\/\/www.aidshilfe.de\/hiv-partnerschaft\">https:\/\/www.aidshilfe.de\/hiv-partnerschaft<\/a><\/p>\n<p>En el siguiente enlace encontrar\u00e1s m\u00e1s informaci\u00f3n sobre el VIH y la pareja en idioma alem\u00e1n simplificado:<\/p>\n<p>xxx<\/p>\n<p>En el siguiente enlace encontrar\u00e1s m\u00e1s informaci\u00f3n sobre el VIH y la pareja en alem\u00e1n:<\/p>\n<p>&nbsp;<\/p>\n","protected":false},"excerpt":{"rendered":"<p>Una infecci\u00f3n por VIH puede provocar estr\u00e9s y ansiedad en una relaci\u00f3n. En esta situaci\u00f3n es importante que las partes implicadas est\u00e9n bien informadas y hablen sincera y abiertamente entre s\u00ed. Acudir en pareja a un centro Aidshilfe para recibir asesoramiento puede ser de gran ayuda. El centro Aidshilfe m\u00e1s cercano estar\u00e1 encantado de apoyarte [&hellip;]<\/p>\n","protected":false},"author":3,"featured_media":0,"parent":1540,"menu_order":59,"comment_status":"closed","ping_status":"closed","template":"","meta":{"inline_featured_image":false,"_genesis_hide_title":false,"_genesis_hide_breadcrumbs":false,"_genesis_hide_singular_image":false,"_genesis_hide_footer_widgets":false,"_genesis_custom_body_class":"","_genesis_custom_post_class":"","_genesis_layout":"","footnotes":""},"class_list":{"0":"post-1627","1":"page","2":"type-page","3":"status-publish","5":"entry","6":"override"},"_links":{"self":[{"href":"https:\/\/niedersachsen-aidshilfe-migration.de\/es\/wp-json\/wp\/v2\/pages\/1627","targetHints":{"allow":["GET"]}}],"collection":[{"href":"https:\/\/niedersachsen-aidshilfe-migration.de\/es\/wp-json\/wp\/v2\/pages"}],"about":[{"href":"https:\/\/niedersachsen-aidshilfe-migration.de\/es\/wp-json\/wp\/v2\/types\/page"}],"author":[{"embeddable":true,"href":"https:\/\/niedersachsen-aidshilfe-migration.de\/es\/wp-json\/wp\/v2\/users\/3"}],"replies":[{"embeddable":true,"href":"https:\/\/niedersachsen-aidshilfe-migration.de\/es\/wp-json\/wp\/v2\/comments?post=1627"}],"version-history":[{"count":0,"href":"https:\/\/niedersachsen-aidshilfe-migration.de\/es\/wp-json\/wp\/v2\/pages\/1627\/revisions"}],"up":[{"embeddable":true,"href":"https:\/\/niedersachsen-aidshilfe-migration.de\/es\/wp-json\/wp\/v2\/pages\/1540"}],"wp:attachment":[{"href":"https:\/\/niedersachsen-aidshilfe-migration.de\/es\/wp-json\/wp\/v2\/media?parent=1627"}],"curies":[{"name":"wp","href":"https:\/\/api.w.org\/{rel}","templated":true}]}}