{"id":1625,"date":"2022-01-07T17:09:47","date_gmt":"2022-01-07T16:09:47","guid":{"rendered":"https:\/\/niedersachsen-aidshilfe-migration.de\/?page_id=1625"},"modified":"2022-01-07T17:09:47","modified_gmt":"2022-01-07T16:09:47","slug":"vih-y-sexualidad","status":"publish","type":"page","link":"https:\/\/niedersachsen-aidshilfe-migration.de\/es\/vivir-con-el-vih\/vih-y-sexualidad\/","title":{"rendered":"VIH y sexualidad"},"content":{"rendered":"<p>Nadie puede infectarse con el VIH en la vida cotidiana, ni siquiera durante las relaciones sexuales si se sigue el tratamiento contra el VIH correspondiente y este es eficaz. Un tratamiento eficaz contra el VIH previene de forma fiable la transmisi\u00f3n del VIH durante las relaciones sexuales, incluso sin preservativo. Esta protecci\u00f3n se denomina \u00abprotecci\u00f3n a trav\u00e9s de terapia\u00bb. Esta protecci\u00f3n est\u00e1 cient\u00edficamente probada. As\u00ed pues, con un tratamiento contra el VIH eficaz, las personas con VIH y las que no lo tienen pueden mantener relaciones sexuales entre s\u00ed sin riesgos. Esto supone un gran alivio para muchas personas.<\/p>\n<p>El <u>centro Aidshilfe m\u00e1s cercano<\/u> estar\u00e1 encantado de asesorarte detalladamente sobre la protecci\u00f3n a trav\u00e9s de terapia.<\/p>\n<p>En el siguiente enlace encontrar\u00e1s m\u00e1s informaci\u00f3n sobre la protecci\u00f3n a trav\u00e9s de terapia en varios idiomas, incluido el espa\u00f1ol:<\/p>\n<p>xxx<\/p>\n<p>En el siguiente enlace encontrar\u00e1s m\u00e1s informaci\u00f3n sobre la protecci\u00f3n a trav\u00e9s de terapia en idioma alem\u00e1n simplificado:<\/p>\n<p>xxx<\/p>\n<p>En el siguiente enlace encontrar\u00e1s m\u00e1s informaci\u00f3n sobre la protecci\u00f3n a trav\u00e9s de terapia en alem\u00e1n:<\/p>\n<p><a href=\"https:\/\/www.aidshilfe.de\/schutz-therapie\">https:\/\/www.aidshilfe.de\/schutz-therapie<\/a><\/p>\n<p>&nbsp;<\/p>\n","protected":false},"excerpt":{"rendered":"<p>Nadie puede infectarse con el VIH en la vida cotidiana, ni siquiera durante las relaciones sexuales si se sigue el tratamiento contra el VIH correspondiente y este es eficaz. Un tratamiento eficaz contra el VIH previene de forma fiable la transmisi\u00f3n del VIH durante las relaciones sexuales, incluso sin preservativo. Esta protecci\u00f3n se denomina \u00abprotecci\u00f3n [&hellip;]<\/p>\n","protected":false},"author":3,"featured_media":0,"parent":1540,"menu_order":51,"comment_status":"closed","ping_status":"closed","template":"","meta":{"inline_featured_image":false,"_genesis_hide_title":false,"_genesis_hide_breadcrumbs":false,"_genesis_hide_singular_image":false,"_genesis_hide_footer_widgets":false,"_genesis_custom_body_class":"","_genesis_custom_post_class":"","_genesis_layout":"","footnotes":""},"class_list":{"0":"post-1625","1":"page","2":"type-page","3":"status-publish","5":"entry","6":"override"},"_links":{"self":[{"href":"https:\/\/niedersachsen-aidshilfe-migration.de\/es\/wp-json\/wp\/v2\/pages\/1625","targetHints":{"allow":["GET"]}}],"collection":[{"href":"https:\/\/niedersachsen-aidshilfe-migration.de\/es\/wp-json\/wp\/v2\/pages"}],"about":[{"href":"https:\/\/niedersachsen-aidshilfe-migration.de\/es\/wp-json\/wp\/v2\/types\/page"}],"author":[{"embeddable":true,"href":"https:\/\/niedersachsen-aidshilfe-migration.de\/es\/wp-json\/wp\/v2\/users\/3"}],"replies":[{"embeddable":true,"href":"https:\/\/niedersachsen-aidshilfe-migration.de\/es\/wp-json\/wp\/v2\/comments?post=1625"}],"version-history":[{"count":0,"href":"https:\/\/niedersachsen-aidshilfe-migration.de\/es\/wp-json\/wp\/v2\/pages\/1625\/revisions"}],"up":[{"embeddable":true,"href":"https:\/\/niedersachsen-aidshilfe-migration.de\/es\/wp-json\/wp\/v2\/pages\/1540"}],"wp:attachment":[{"href":"https:\/\/niedersachsen-aidshilfe-migration.de\/es\/wp-json\/wp\/v2\/media?parent=1625"}],"curies":[{"name":"wp","href":"https:\/\/api.w.org\/{rel}","templated":true}]}}