{"id":1616,"date":"2022-01-07T17:01:12","date_gmt":"2022-01-07T16:01:12","guid":{"rendered":"https:\/\/niedersachsen-aidshilfe-migration.de\/?page_id=1616"},"modified":"2022-01-21T19:38:42","modified_gmt":"2022-01-21T18:38:42","slug":"diversidad-y-asilo","status":"publish","type":"page","link":"https:\/\/niedersachsen-aidshilfe-migration.de\/es\/sexualidad-y-autodeterminacion\/diversidad-y-asilo\/","title":{"rendered":"Diversidad y asilo"},"content":{"rendered":"<p>\u00bfHas sido perseguido en tu pa\u00eds de origen por tu orientaci\u00f3n sexual o identidad de g\u00e9nero? Esto puede ser un <strong>motivo para recibir asilo<\/strong> en Alemania.<\/p>\n<p>Aqu\u00ed encontrar\u00e1s informaci\u00f3n importante sobre el tema <a href=\"http:\/\/www.queer-refugees.de\"><strong>www.queer-refugees.de<\/strong><\/a><\/p>\n<p>La informaci\u00f3n est\u00e1 disponible en varios idiomas.<\/p>\n<p>Para obtener m\u00e1s informaci\u00f3n y asesoramiento, ponte en contacto con el <u>centro Aidshilfe m\u00e1s cercano<\/u>.<\/p>\n","protected":false},"excerpt":{"rendered":"<p>\u00bfHas sido perseguido en tu pa\u00eds de origen por tu orientaci\u00f3n sexual o identidad de g\u00e9nero? Esto puede ser un motivo para recibir asilo en Alemania. Aqu\u00ed encontrar\u00e1s informaci\u00f3n importante sobre el tema www.queer-refugees.de La informaci\u00f3n est\u00e1 disponible en varios idiomas. Para obtener m\u00e1s informaci\u00f3n y asesoramiento, ponte en contacto con el centro Aidshilfe m\u00e1s [&hellip;]<\/p>\n","protected":false},"author":3,"featured_media":0,"parent":1466,"menu_order":215,"comment_status":"closed","ping_status":"closed","template":"","meta":{"inline_featured_image":false,"_genesis_hide_title":false,"_genesis_hide_breadcrumbs":false,"_genesis_hide_singular_image":false,"_genesis_hide_footer_widgets":false,"_genesis_custom_body_class":"","_genesis_custom_post_class":"","_genesis_layout":"","footnotes":""},"class_list":{"0":"post-1616","1":"page","2":"type-page","3":"status-publish","5":"entry","6":"override"},"_links":{"self":[{"href":"https:\/\/niedersachsen-aidshilfe-migration.de\/es\/wp-json\/wp\/v2\/pages\/1616","targetHints":{"allow":["GET"]}}],"collection":[{"href":"https:\/\/niedersachsen-aidshilfe-migration.de\/es\/wp-json\/wp\/v2\/pages"}],"about":[{"href":"https:\/\/niedersachsen-aidshilfe-migration.de\/es\/wp-json\/wp\/v2\/types\/page"}],"author":[{"embeddable":true,"href":"https:\/\/niedersachsen-aidshilfe-migration.de\/es\/wp-json\/wp\/v2\/users\/3"}],"replies":[{"embeddable":true,"href":"https:\/\/niedersachsen-aidshilfe-migration.de\/es\/wp-json\/wp\/v2\/comments?post=1616"}],"version-history":[{"count":0,"href":"https:\/\/niedersachsen-aidshilfe-migration.de\/es\/wp-json\/wp\/v2\/pages\/1616\/revisions"}],"up":[{"embeddable":true,"href":"https:\/\/niedersachsen-aidshilfe-migration.de\/es\/wp-json\/wp\/v2\/pages\/1466"}],"wp:attachment":[{"href":"https:\/\/niedersachsen-aidshilfe-migration.de\/es\/wp-json\/wp\/v2\/media?parent=1616"}],"curies":[{"name":"wp","href":"https:\/\/api.w.org\/{rel}","templated":true}]}}