{"id":1614,"date":"2022-01-21T19:35:37","date_gmt":"2022-01-21T18:35:37","guid":{"rendered":"https:\/\/niedersachsen-aidshilfe-migration.de\/?page_id=1614"},"modified":"2022-01-21T19:35:37","modified_gmt":"2022-01-21T18:35:37","slug":"no-discriminacion","status":"publish","type":"page","link":"https:\/\/niedersachsen-aidshilfe-migration.de\/es\/sexualidad-y-autodeterminacion\/no-discriminacion\/","title":{"rendered":"No discriminaci\u00f3n"},"content":{"rendered":"<p><strong>Nadie puede ofenderte o agredirte por tu orientaci\u00f3n sexual. Nadie puede ofenderte o agredirte por tu identidad de g\u00e9nero.<\/strong><\/p>\n<p>Nadie puede insultarte por este motivo. Y nadie puede agredirte f\u00edsicamente por ello. \u00bfHas sufrido alguna experiencia de este tipo? Entonces, puedes recibir ayuda en uno de los centros de Aidshilfe u otro centro de asesoramiento.<\/p>\n","protected":false},"excerpt":{"rendered":"<p>Nadie puede ofenderte o agredirte por tu orientaci\u00f3n sexual. Nadie puede ofenderte o agredirte por tu identidad de g\u00e9nero. Nadie puede insultarte por este motivo. Y nadie puede agredirte f\u00edsicamente por ello. \u00bfHas sufrido alguna experiencia de este tipo? Entonces, puedes recibir ayuda en uno de los centros de Aidshilfe u otro centro de asesoramiento.<\/p>\n","protected":false},"author":3,"featured_media":0,"parent":1466,"menu_order":214,"comment_status":"closed","ping_status":"closed","template":"","meta":{"inline_featured_image":false,"_genesis_hide_title":false,"_genesis_hide_breadcrumbs":false,"_genesis_hide_singular_image":false,"_genesis_hide_footer_widgets":false,"_genesis_custom_body_class":"","_genesis_custom_post_class":"","_genesis_layout":"","footnotes":""},"class_list":{"0":"post-1614","1":"page","2":"type-page","3":"status-publish","5":"entry","6":"override"},"_links":{"self":[{"href":"https:\/\/niedersachsen-aidshilfe-migration.de\/es\/wp-json\/wp\/v2\/pages\/1614","targetHints":{"allow":["GET"]}}],"collection":[{"href":"https:\/\/niedersachsen-aidshilfe-migration.de\/es\/wp-json\/wp\/v2\/pages"}],"about":[{"href":"https:\/\/niedersachsen-aidshilfe-migration.de\/es\/wp-json\/wp\/v2\/types\/page"}],"author":[{"embeddable":true,"href":"https:\/\/niedersachsen-aidshilfe-migration.de\/es\/wp-json\/wp\/v2\/users\/3"}],"replies":[{"embeddable":true,"href":"https:\/\/niedersachsen-aidshilfe-migration.de\/es\/wp-json\/wp\/v2\/comments?post=1614"}],"version-history":[{"count":0,"href":"https:\/\/niedersachsen-aidshilfe-migration.de\/es\/wp-json\/wp\/v2\/pages\/1614\/revisions"}],"up":[{"embeddable":true,"href":"https:\/\/niedersachsen-aidshilfe-migration.de\/es\/wp-json\/wp\/v2\/pages\/1466"}],"wp:attachment":[{"href":"https:\/\/niedersachsen-aidshilfe-migration.de\/es\/wp-json\/wp\/v2\/media?parent=1614"}],"curies":[{"name":"wp","href":"https:\/\/api.w.org\/{rel}","templated":true}]}}