{"id":1612,"date":"2022-01-07T16:58:02","date_gmt":"2022-01-07T15:58:02","guid":{"rendered":"https:\/\/niedersachsen-aidshilfe-migration.de\/?page_id=1612"},"modified":"2022-02-28T13:00:16","modified_gmt":"2022-02-28T12:00:16","slug":"orientacion-sexual-e-identidad-de-genero","status":"publish","type":"page","link":"https:\/\/niedersachsen-aidshilfe-migration.de\/es\/sexualidad-y-autodeterminacion\/orientacion-sexual-e-identidad-de-genero\/","title":{"rendered":"Orientaci\u00f3n sexual e identidad de g\u00e9nero"},"content":{"rendered":"<p>En Alemania hay leyes contra la discriminaci\u00f3n. No se puede discriminar a ninguna persona debido a su orientaci\u00f3n sexual. Por ejemplo, en Alemania no se persiguen a las personas homosexuales o bisexuales. La ley alemana tampoco considera que esto sea un delito. Est\u00e1 permitido que personas del mismo sexo mantengan relaciones sexuales: un hombre puede amar a un hombre, una mujer puede amar a una mujer. Las parejas del mismo sexo tambi\u00e9n pueden casarse.<\/p>\n<p>Esto es igualmente v\u00e1lido para la identidad de g\u00e9nero. Por ejemplo, las personas <em>trans<\/em> e <em>inter<\/em> no son perseguidas en Alemania y tampoco se considera un delito serlo. En alem\u00e1n, se emplea el asterisco detr\u00e1s de palabras como <em>trans<\/em>* o <em>inter<\/em>* para se\u00f1alar que hay muchas identidades de g\u00e9nero diferentes. Hay muchos t\u00e9rminos para designar las distintas identidades de g\u00e9nero. Por ejemplo, algunas personas prefieren decir <em>trans<\/em>. Otras prefieren usar <em>transg\u00e9nero<\/em>. El asterisco * representa todas estas identidades.<\/p>\n<p>La orientaci\u00f3n sexual o la identidad de g\u00e9nero pueden cambiar o permanecer igual a lo largo de la vida.<\/p>\n<p>Encontrar\u00e1s centros de asesoramiento sobre estos temas en muchas ciudades de Alemania. Tambi\u00e9n se organizan encuentros y eventos con frecuencia que podr\u00edan ser de tu inter\u00e9s. En el <em>centro Aidshilfe m\u00e1s cercano<\/em> estar\u00e1n encantados de ayudarte.<\/p>\n<p>En el siguiente sitio web encontrar\u00e1s m\u00e1s informaci\u00f3n sobre orientaci\u00f3n sexual e identidad de g\u00e9nero en varios idiomas, incluido el espa\u00f1ol:<\/p>\n<p><a href=\"http:\/\/www.zanzu.de\">www.zanzu.de<\/a><\/p>\n<p>En los siguientes enlaces encontrar\u00e1s m\u00e1s informaci\u00f3n sobre orientaci\u00f3n sexual e identidad de g\u00e9nero en idioma alem\u00e1n simplificado:<\/p>\n<p><a href=\"https:\/\/www.regenbogenportal.de\/leichte-sprache\" target=\"_blank\" rel=\"noopener\">www.regenbogenportal.de\/leichte-sprache<\/a><\/p>\n<p><a href=\"https:\/\/www.liebesleben.de\/leichte-sprache\/\" target=\"_blank\" rel=\"noopener\">www.liebesleben.de\/leichte-sprache\/<\/a><\/p>\n<p>En el siguiente enlace encontrar\u00e1s m\u00e1s informaci\u00f3n sobre orientaci\u00f3n sexual e identidad de g\u00e9nero en alem\u00e1n: <a href=\"https:\/\/www.liebesleben.de\/\" target=\"_blank\" rel=\"noopener\">www.liebesleben.de<\/a><\/p>\n<p>&nbsp;<\/p>\n","protected":false},"excerpt":{"rendered":"<p>En Alemania hay leyes contra la discriminaci\u00f3n. No se puede discriminar a ninguna persona debido a su orientaci\u00f3n sexual. Por ejemplo, en Alemania no se persiguen a las personas homosexuales o bisexuales. La ley alemana tampoco considera que esto sea un delito. Est\u00e1 permitido que personas del mismo sexo mantengan relaciones sexuales: un hombre puede [&hellip;]<\/p>\n","protected":false},"author":3,"featured_media":0,"parent":1466,"menu_order":213,"comment_status":"closed","ping_status":"closed","template":"","meta":{"inline_featured_image":false,"_genesis_hide_title":false,"_genesis_hide_breadcrumbs":false,"_genesis_hide_singular_image":false,"_genesis_hide_footer_widgets":false,"_genesis_custom_body_class":"","_genesis_custom_post_class":"","_genesis_layout":"","footnotes":""},"class_list":{"0":"post-1612","1":"page","2":"type-page","3":"status-publish","5":"entry","6":"override"},"_links":{"self":[{"href":"https:\/\/niedersachsen-aidshilfe-migration.de\/es\/wp-json\/wp\/v2\/pages\/1612","targetHints":{"allow":["GET"]}}],"collection":[{"href":"https:\/\/niedersachsen-aidshilfe-migration.de\/es\/wp-json\/wp\/v2\/pages"}],"about":[{"href":"https:\/\/niedersachsen-aidshilfe-migration.de\/es\/wp-json\/wp\/v2\/types\/page"}],"author":[{"embeddable":true,"href":"https:\/\/niedersachsen-aidshilfe-migration.de\/es\/wp-json\/wp\/v2\/users\/3"}],"replies":[{"embeddable":true,"href":"https:\/\/niedersachsen-aidshilfe-migration.de\/es\/wp-json\/wp\/v2\/comments?post=1612"}],"version-history":[{"count":0,"href":"https:\/\/niedersachsen-aidshilfe-migration.de\/es\/wp-json\/wp\/v2\/pages\/1612\/revisions"}],"up":[{"embeddable":true,"href":"https:\/\/niedersachsen-aidshilfe-migration.de\/es\/wp-json\/wp\/v2\/pages\/1466"}],"wp:attachment":[{"href":"https:\/\/niedersachsen-aidshilfe-migration.de\/es\/wp-json\/wp\/v2\/media?parent=1612"}],"curies":[{"name":"wp","href":"https:\/\/api.w.org\/{rel}","templated":true}]}}