{"id":1610,"date":"2022-01-21T19:37:14","date_gmt":"2022-01-21T18:37:14","guid":{"rendered":"https:\/\/niedersachsen-aidshilfe-migration.de\/?page_id=1610"},"modified":"2022-01-21T19:37:14","modified_gmt":"2022-01-21T18:37:14","slug":"diversidad-lingueistica","status":"publish","type":"page","link":"https:\/\/niedersachsen-aidshilfe-migration.de\/es\/sexualidad-y-autodeterminacion\/diversidad-lingueistica\/","title":{"rendered":"Diversidad ling\u00fc\u00edstica"},"content":{"rendered":"<p>Hay muchas palabras diferentes para designar las partes del cuerpo y los genitales. Tambi\u00e9n hay diferentes nombres para cada pr\u00e1ctica sexual. No todas las personas utilizan las mismas palabras. As\u00ed que tal vez utilicemos en nuestros textos palabras diferentes a las tuyas. \u00a1Todas las opciones son igualmente v\u00e1lidas! El lenguaje es tan diverso como la sexualidad.<\/p>\n","protected":false},"excerpt":{"rendered":"<p>Hay muchas palabras diferentes para designar las partes del cuerpo y los genitales. Tambi\u00e9n hay diferentes nombres para cada pr\u00e1ctica sexual. No todas las personas utilizan las mismas palabras. As\u00ed que tal vez utilicemos en nuestros textos palabras diferentes a las tuyas. \u00a1Todas las opciones son igualmente v\u00e1lidas! El lenguaje es tan diverso como la [&hellip;]<\/p>\n","protected":false},"author":3,"featured_media":0,"parent":1466,"menu_order":212,"comment_status":"closed","ping_status":"closed","template":"","meta":{"inline_featured_image":false,"_genesis_hide_title":false,"_genesis_hide_breadcrumbs":false,"_genesis_hide_singular_image":false,"_genesis_hide_footer_widgets":false,"_genesis_custom_body_class":"","_genesis_custom_post_class":"","_genesis_layout":"","footnotes":""},"class_list":{"0":"post-1610","1":"page","2":"type-page","3":"status-publish","5":"entry","6":"override"},"_links":{"self":[{"href":"https:\/\/niedersachsen-aidshilfe-migration.de\/es\/wp-json\/wp\/v2\/pages\/1610","targetHints":{"allow":["GET"]}}],"collection":[{"href":"https:\/\/niedersachsen-aidshilfe-migration.de\/es\/wp-json\/wp\/v2\/pages"}],"about":[{"href":"https:\/\/niedersachsen-aidshilfe-migration.de\/es\/wp-json\/wp\/v2\/types\/page"}],"author":[{"embeddable":true,"href":"https:\/\/niedersachsen-aidshilfe-migration.de\/es\/wp-json\/wp\/v2\/users\/3"}],"replies":[{"embeddable":true,"href":"https:\/\/niedersachsen-aidshilfe-migration.de\/es\/wp-json\/wp\/v2\/comments?post=1610"}],"version-history":[{"count":0,"href":"https:\/\/niedersachsen-aidshilfe-migration.de\/es\/wp-json\/wp\/v2\/pages\/1610\/revisions"}],"up":[{"embeddable":true,"href":"https:\/\/niedersachsen-aidshilfe-migration.de\/es\/wp-json\/wp\/v2\/pages\/1466"}],"wp:attachment":[{"href":"https:\/\/niedersachsen-aidshilfe-migration.de\/es\/wp-json\/wp\/v2\/media?parent=1610"}],"curies":[{"name":"wp","href":"https:\/\/api.w.org\/{rel}","templated":true}]}}