{"id":1608,"date":"2022-01-07T16:56:15","date_gmt":"2022-01-07T15:56:15","guid":{"rendered":"https:\/\/niedersachsen-aidshilfe-migration.de\/?page_id=1608"},"modified":"2022-02-26T22:21:20","modified_gmt":"2022-02-26T21:21:20","slug":"habla-con-otras-personas","status":"publish","type":"page","link":"https:\/\/niedersachsen-aidshilfe-migration.de\/es\/sexualidad-y-autodeterminacion\/habla-con-otras-personas\/","title":{"rendered":"Habla con otras personas"},"content":{"rendered":"<p>Tal vez tengas relaciones sexuales con una persona. Tal vez tengas relaciones sexuales con varias personas. Tal vez tengas una o varias parejas. Tal vez tengas relaciones sexuales espor\u00e1dicas con otras personas.<\/p>\n<p>En cualquier caso, es importante que hables siempre con las personas con las que mantienes relaciones sexuales. Habla de tus deseos y l\u00edmites. \u00bfQu\u00e9 deseas hacer? \u00bfQu\u00e9 te gusta? \u00bfQu\u00e9 es lo que no deseas hacer? \u00bfQu\u00e9 es lo que no te gusta? Tu pareja sexual tiene que respetar tus l\u00edmites. Y t\u00fa tienes que respetar los l\u00edmites de la otra persona. La comunicaci\u00f3n ayuda a entenderse mejor durante el sexo.<\/p>\n<p>Para obtener m\u00e1s informaci\u00f3n sobre la sexualidad, el cuerpo y los sentimientos visita el siguiente sitio web: <a href=\"http:\/\/www.zanzu.de\" target=\"_blank\" rel=\"noopener\">www.zanzu.de<\/a><\/p>\n<p>La informaci\u00f3n est\u00e1 disponible en varios idiomas.<\/p>\n","protected":false},"excerpt":{"rendered":"<p>Tal vez tengas relaciones sexuales con una persona. Tal vez tengas relaciones sexuales con varias personas. Tal vez tengas una o varias parejas. Tal vez tengas relaciones sexuales espor\u00e1dicas con otras personas. En cualquier caso, es importante que hables siempre con las personas con las que mantienes relaciones sexuales. Habla de tus deseos y l\u00edmites. [&hellip;]<\/p>\n","protected":false},"author":3,"featured_media":0,"parent":1466,"menu_order":211,"comment_status":"closed","ping_status":"closed","template":"","meta":{"inline_featured_image":false,"_genesis_hide_title":false,"_genesis_hide_breadcrumbs":false,"_genesis_hide_singular_image":false,"_genesis_hide_footer_widgets":false,"_genesis_custom_body_class":"","_genesis_custom_post_class":"","_genesis_layout":"","footnotes":""},"class_list":{"0":"post-1608","1":"page","2":"type-page","3":"status-publish","5":"entry","6":"override"},"_links":{"self":[{"href":"https:\/\/niedersachsen-aidshilfe-migration.de\/es\/wp-json\/wp\/v2\/pages\/1608","targetHints":{"allow":["GET"]}}],"collection":[{"href":"https:\/\/niedersachsen-aidshilfe-migration.de\/es\/wp-json\/wp\/v2\/pages"}],"about":[{"href":"https:\/\/niedersachsen-aidshilfe-migration.de\/es\/wp-json\/wp\/v2\/types\/page"}],"author":[{"embeddable":true,"href":"https:\/\/niedersachsen-aidshilfe-migration.de\/es\/wp-json\/wp\/v2\/users\/3"}],"replies":[{"embeddable":true,"href":"https:\/\/niedersachsen-aidshilfe-migration.de\/es\/wp-json\/wp\/v2\/comments?post=1608"}],"version-history":[{"count":0,"href":"https:\/\/niedersachsen-aidshilfe-migration.de\/es\/wp-json\/wp\/v2\/pages\/1608\/revisions"}],"up":[{"embeddable":true,"href":"https:\/\/niedersachsen-aidshilfe-migration.de\/es\/wp-json\/wp\/v2\/pages\/1466"}],"wp:attachment":[{"href":"https:\/\/niedersachsen-aidshilfe-migration.de\/es\/wp-json\/wp\/v2\/media?parent=1608"}],"curies":[{"name":"wp","href":"https:\/\/api.w.org\/{rel}","templated":true}]}}