{"id":1601,"date":"2022-01-07T16:54:44","date_gmt":"2022-01-07T15:54:44","guid":{"rendered":"https:\/\/niedersachsen-aidshilfe-migration.de\/?page_id=1601"},"modified":"2022-02-28T12:26:20","modified_gmt":"2022-02-28T11:26:20","slug":"derechos-sexuales","status":"publish","type":"page","link":"https:\/\/niedersachsen-aidshilfe-migration.de\/es\/sexualidad-y-autodeterminacion\/derechos-sexuales\/","title":{"rendered":"Derechos sexuales"},"content":{"rendered":"<p>En Alemania, cada persona puede decidir:<\/p>\n<ul>\n<li>si quiere o no mantener relaciones sexuales y cu\u00e1ndo,<\/li>\n<li>c\u00f3mo y con qui\u00e9n desea mantener estas relaciones sexuales,<\/li>\n<li>la frecuencia con la que desea tener sexo,<\/li>\n<li>si quiere casarse o no,<\/li>\n<li>y con quien quiere casarse,<\/li>\n<li>y si desea tener descendencia o no.<\/li>\n<\/ul>\n<p><strong>Nadie puede obligar a otra persona a realizar actos sexuales. <\/strong>En ning\u00fan caso. Tampoco un miembro de la familia, la pareja o amistades. Y tampoco t\u00fa, puedes obligar a nadie a mantener relaciones sexuales.<strong> Cada persona puede determinar c\u00f3mo desea que sea su sexualidad.<\/strong> <strong>Es decir, cada persona puede decidir sobre su propio cuerpo. <\/strong><\/p>\n<p>\u00bfAlguien te obliga a realizar actos sexuales? En este caso se habla de violencia o abuso sexual. Esto est\u00e1 prohibido y es un delito seg\u00fan las leyes de Alemania. \u00bfSufres violencia o abuso sexual? Entonces, habla con alguien de confianza. O busca ayuda en un centro de asesoramiento. En el centro Aidshilfe m\u00e1s cercano pueden ayudarte.<\/p>\n<p>Todas las personas menores de edad est\u00e1n especialmente protegidas en Alemania.<\/p>\n<p>Se consideran ni\u00f1os, ni\u00f1as y ni\u00f1es a todas las personas menores de 14 a\u00f1os. Las personas entre 14 y 17 a\u00f1os son consideradas j\u00f3venes. Las personas adultas, son aquellas mayores de 18 a\u00f1os.<\/p>\n<p>No est\u00e1 permitido que personas adultas o j\u00f3venes mantengan relaciones sexuales con menores de 14 a\u00f1os. Esto est\u00e1 prohibido y se considera un delito seg\u00fan las leyes alemanas. Los padres y las madres no pueden tener relaciones sexuales con sus hijos, hijas o hijes. Hermanos, hermanas y hermanes no pueden tener relaciones sexuales entre s\u00ed. Da igual la edad que tengan.<\/p>\n<p>Encontrar\u00e1s m\u00e1s informaci\u00f3n sobre la protecci\u00f3n de menores y j\u00f3venes en <a href=\"http:\/\/www.zanzu.de\"><strong>www.zanzu.de<\/strong><\/a><\/p>\n<p>La informaci\u00f3n est\u00e1 disponible en varios idiomas.<\/p>\n","protected":false},"excerpt":{"rendered":"<p>En Alemania, cada persona puede decidir: si quiere o no mantener relaciones sexuales y cu\u00e1ndo, c\u00f3mo y con qui\u00e9n desea mantener estas relaciones sexuales, la frecuencia con la que desea tener sexo, si quiere casarse o no, y con quien quiere casarse, y si desea tener descendencia o no. Nadie puede obligar a otra persona [&hellip;]<\/p>\n","protected":false},"author":3,"featured_media":0,"parent":1466,"menu_order":209,"comment_status":"closed","ping_status":"closed","template":"","meta":{"inline_featured_image":false,"_genesis_hide_title":false,"_genesis_hide_breadcrumbs":false,"_genesis_hide_singular_image":false,"_genesis_hide_footer_widgets":false,"_genesis_custom_body_class":"","_genesis_custom_post_class":"","_genesis_layout":"sidebar-content","footnotes":""},"class_list":{"0":"post-1601","1":"page","2":"type-page","3":"status-publish","5":"entry","6":"override"},"_links":{"self":[{"href":"https:\/\/niedersachsen-aidshilfe-migration.de\/es\/wp-json\/wp\/v2\/pages\/1601","targetHints":{"allow":["GET"]}}],"collection":[{"href":"https:\/\/niedersachsen-aidshilfe-migration.de\/es\/wp-json\/wp\/v2\/pages"}],"about":[{"href":"https:\/\/niedersachsen-aidshilfe-migration.de\/es\/wp-json\/wp\/v2\/types\/page"}],"author":[{"embeddable":true,"href":"https:\/\/niedersachsen-aidshilfe-migration.de\/es\/wp-json\/wp\/v2\/users\/3"}],"replies":[{"embeddable":true,"href":"https:\/\/niedersachsen-aidshilfe-migration.de\/es\/wp-json\/wp\/v2\/comments?post=1601"}],"version-history":[{"count":0,"href":"https:\/\/niedersachsen-aidshilfe-migration.de\/es\/wp-json\/wp\/v2\/pages\/1601\/revisions"}],"up":[{"embeddable":true,"href":"https:\/\/niedersachsen-aidshilfe-migration.de\/es\/wp-json\/wp\/v2\/pages\/1466"}],"wp:attachment":[{"href":"https:\/\/niedersachsen-aidshilfe-migration.de\/es\/wp-json\/wp\/v2\/media?parent=1601"}],"curies":[{"name":"wp","href":"https:\/\/api.w.org\/{rel}","templated":true}]}}