{"id":1569,"date":"2022-01-07T17:14:04","date_gmt":"2022-01-07T16:14:04","guid":{"rendered":"https:\/\/niedersachsen-aidshilfe-migration.de\/?page_id=1569"},"modified":"2023-02-23T17:01:29","modified_gmt":"2023-02-23T16:01:29","slug":"otras-infecciones-de-transmision-sexual-its","status":"publish","type":"page","link":"https:\/\/niedersachsen-aidshilfe-migration.de\/es\/otras-infecciones-de-transmision-sexual-its\/","title":{"rendered":"Otras infecciones de transmisi\u00f3n sexual (ITS)"},"content":{"rendered":"<p>No solo el VIH, sino tambi\u00e9n otras infecciones de transmisi\u00f3n sexual (ITS) pueden da\u00f1ar la salud. Las ITS tambi\u00e9n se conocen como \u00abenfermedades ven\u00e9reas\u00bb. Entre ellas se encuentran, por ejemplo, la clamidia, la gonorrea y la s\u00edfilis.<\/p>\n<p><strong>El contagio con una ITS se puede producir con muchas pr\u00e1cticas sexuales. Por desgracia, los preservativos y los condones femeninos no ofrecen una protecci\u00f3n completa contra las ITS.<\/strong><\/p>\n<p>Por eso es importante diagnosticar las ITS, porque las ITS se pueden tratar de manera efectiva con medicamentos (antibi\u00f3ticos). Sin embargo, sin la medicaci\u00f3n correspondiente, las ITS pueden tener graves consecuencias para la salud.<\/p>\n<p>A veces las ITS son invisibles y no causan s\u00edntomas. Y otras veces las ITS provocan cambios f\u00edsicos o molestias.<\/p>\n<p><strong>Las ITS pueden presentar, por ejemplo, los siguientes s\u00edntomas:<\/strong><\/p>\n<ul>\n<li>secreci\u00f3n de fluidos no habituales del pene, la vagina o el ano,<\/li>\n<li>picor en el pene, la vulva (vagina) o el ano,<\/li>\n<li>ardor o dolor al orinar,<\/li>\n<li>cambio de color de la orina o las heces,<\/li>\n<li>dolor e hinchaz\u00f3n de los genitales,<\/li>\n<li>\u00falceras, ampollas, bultos o verrugas en los genitales, en la boca, en el ano o en otras partes del cuerpo,<\/li>\n<li>enrojecimiento o placas blanquecinas o amarillentas en la boca, en los genitales o en el ano.<\/li>\n<\/ul>\n<p>Observa si las personas con las que mantienes relaciones sexuales tienen alteraciones en la piel que llamen tu atenci\u00f3n. En tal caso, no toques estas zonas. La otra persona deber\u00eda buscar consejo m\u00e9dico. Tal vez la otra persona tambi\u00e9n necesite tratamiento. Se recomienda no tener sexo con esta persona durante el tiempo que dure el tratamiento.<\/p>\n<p>Presta atenci\u00f3n a posibles cambios que sufra tu cuerpo. \u00bfHas notado alg\u00fan cambio en alguna zona de tu cuerpo? \u00bfHas desarrollado molestias o s\u00edntomas leves? Entonces acude a la consulta m\u00e9dica. En caso de haber contra\u00eddo una ITS, necesitas recibir la medicaci\u00f3n adecuada. Por favor, abstente de mantener relaciones sexuales hasta que finalices el tratamiento.<\/p>\n<p><strong>No sientas verg\u00fcenza si has contra\u00eddo una ITS. Muchas personas se han contagiado con una ITS en alg\u00fan momento de su vida. Por ello, es importante detectar y tratar las ITS. <\/strong><\/p>\n<p>\u00bfTienes relaciones sexuales con varias personas? Entonces, es recomendable que realices una revisi\u00f3n m\u00e9dica una vez al a\u00f1o. Si lo deseas, puedes vacunarte contra la hepatitis A y la hepatitis B.<\/p>\n<p>Puedes obtener m\u00e1s informaci\u00f3n al respecto en tu <a href=\"https:\/\/niedersachsen-aidshilfe-migration.de\/es\/centros-de-aidshilfen-en-el-estado-de-baja-sajonia\/\">centro Aidshilfe m\u00e1s cercano<\/a>. No es necesario que indiques tu nombre.<\/p>\n<p>En el siguiente enlace encontrar\u00e1s m\u00e1s informaci\u00f3n sobre las ITS en varios idiomas, incluido el espa\u00f1ol:<\/p>\n<p><a href=\"http:\/\/www.zanzu.de\" target=\"_blank\" rel=\"noopener\">http:\/\/www.zanzu.de<\/a><\/p>\n<p>En el siguiente enlace encontrar\u00e1s m\u00e1s informaci\u00f3n sobre las ITS en idioma alem\u00e1n simplificado:<\/p>\n<p><a href=\"https:\/\/www.aidshilfe.de\/shop\/pdf\/12491\" target=\"_blank\" rel=\"noopener\">https:\/\/www.aidshilfe.de\/shop\/pdf\/12491<\/a><\/p>\n<p><a href=\"https:\/\/www.liebesleben.de\/leichte-sprache\/sexuell-uebertragbare-krankheiten\/\" target=\"_blank\" rel=\"noopener\">https:\/\/www.liebesleben.de\/leichte-sprache\/sexuell-uebertragbare-krankheiten\/<\/a><\/p>\n<p>En el siguiente enlace encontrar\u00e1s m\u00e1s informaci\u00f3n sobre las ITS en alem\u00e1n:<\/p>\n<p><a href=\"https:\/\/www.aidshilfe.de\/geschlechtskrankheiten\" target=\"_blank\" rel=\"noopener\">https:\/\/www.aidshilfe.de\/geschlechtskrankheiten<\/a><\/p>\n<p>&nbsp;<\/p>\n","protected":false},"excerpt":{"rendered":"<p>No solo el VIH, sino tambi\u00e9n otras infecciones de transmisi\u00f3n sexual (ITS) pueden da\u00f1ar la salud. Las ITS tambi\u00e9n se conocen como \u00abenfermedades ven\u00e9reas\u00bb. Entre ellas se encuentran, por ejemplo, la clamidia, la gonorrea y la s\u00edfilis. El contagio con una ITS se puede producir con muchas pr\u00e1cticas sexuales. Por desgracia, los preservativos y los [&hellip;]<\/p>\n","protected":false},"author":3,"featured_media":0,"parent":0,"menu_order":178,"comment_status":"closed","ping_status":"closed","template":"","meta":{"inline_featured_image":false,"_genesis_hide_title":false,"_genesis_hide_breadcrumbs":false,"_genesis_hide_singular_image":false,"_genesis_hide_footer_widgets":false,"_genesis_custom_body_class":"","_genesis_custom_post_class":"","_genesis_layout":"","footnotes":""},"class_list":{"0":"post-1569","1":"page","2":"type-page","3":"status-publish","5":"entry","6":"override"},"_links":{"self":[{"href":"https:\/\/niedersachsen-aidshilfe-migration.de\/es\/wp-json\/wp\/v2\/pages\/1569","targetHints":{"allow":["GET"]}}],"collection":[{"href":"https:\/\/niedersachsen-aidshilfe-migration.de\/es\/wp-json\/wp\/v2\/pages"}],"about":[{"href":"https:\/\/niedersachsen-aidshilfe-migration.de\/es\/wp-json\/wp\/v2\/types\/page"}],"author":[{"embeddable":true,"href":"https:\/\/niedersachsen-aidshilfe-migration.de\/es\/wp-json\/wp\/v2\/users\/3"}],"replies":[{"embeddable":true,"href":"https:\/\/niedersachsen-aidshilfe-migration.de\/es\/wp-json\/wp\/v2\/comments?post=1569"}],"version-history":[{"count":0,"href":"https:\/\/niedersachsen-aidshilfe-migration.de\/es\/wp-json\/wp\/v2\/pages\/1569\/revisions"}],"wp:attachment":[{"href":"https:\/\/niedersachsen-aidshilfe-migration.de\/es\/wp-json\/wp\/v2\/media?parent=1569"}],"curies":[{"name":"wp","href":"https:\/\/api.w.org\/{rel}","templated":true}]}}