{"id":1540,"date":"2022-01-07T14:16:41","date_gmt":"2022-01-07T13:16:41","guid":{"rendered":"https:\/\/niedersachsen-aidshilfe-migration.de\/?page_id=1540"},"modified":"2023-03-05T02:59:15","modified_gmt":"2023-03-05T01:59:15","slug":"vivir-con-el-vih","status":"publish","type":"page","link":"https:\/\/niedersachsen-aidshilfe-migration.de\/es\/vivir-con-el-vih\/","title":{"rendered":"Vivir con el VIH"},"content":{"rendered":"<p>\u00bfTienes VIH? \u00bfAlguien de tu entorno m\u00e1s cercano tiene VIH? Los centros Aidshilfe pueden asesorarte y ayudarte.<\/p>\n<p>El VIH puede desempe\u00f1ar un papel importante en diferentes \u00e1mbitos de la vida. Sin embargo, las personas con VIH pueden disfrutar de una vida de calidad y longeva a pesar de la enfermedad. Y pueden ser felices y llevar una vida llena de \u00e9xitos y satisfacciones.<\/p>\n<p>Con el <u>tratamiento contra el VIH<\/u> adecuado, las personas con VIH pueden tener la misma calidad de vida que las que no lo tienen. Pueden disfrutar de su sexualidad. Pueden tener descendencia sana. Pueden trabajar en lo que deseen y disfrutar de una vida longeva.<\/p>\n<p>En el siguiente enlace encontrar\u00e1s m\u00e1s informaci\u00f3n sobre vivir con el VIH en varios idiomas, incluido el espa\u00f1ol:<br \/>\n<a href=\"http:\/\/www.zanzu.de\" target=\"_blank\" rel=\"noopener\">www.zanzu.de<\/a><\/p>\n<p>En el siguiente enlace encontrar\u00e1s m\u00e1s informaci\u00f3n sobre vivir con el VIH en alem\u00e1n:<br \/>\n<a href=\"https:\/\/www.aidshilfe.de\/leben-mit-hiv\" target=\"_blank\" rel=\"noopener\">https:\/\/www.aidshilfe.de\/leben-mit-hiv<\/a><\/p>\n<p>En el siguiente enlace encontrar\u00e1s m\u00e1s informaci\u00f3n sobre vivir con el VIH en idioma alem\u00e1n simplificado:<br \/>\n<a href=\"https:\/\/leichte-sprache.aidshilfe.de\/leben-mit-hiv\" target=\"_blank\" rel=\"noopener\">https:\/\/leichte-sprache.aidshilfe.de\/leben-mit-hiv<\/a><\/p>\n","protected":false},"excerpt":{"rendered":"<p>\u00bfTienes VIH? \u00bfAlguien de tu entorno m\u00e1s cercano tiene VIH? Los centros Aidshilfe pueden asesorarte y ayudarte. El VIH puede desempe\u00f1ar un papel importante en diferentes \u00e1mbitos de la vida. Sin embargo, las personas con VIH pueden disfrutar de una vida de calidad y longeva a pesar de la enfermedad. Y pueden ser felices y [&hellip;]<\/p>\n","protected":false},"author":3,"featured_media":0,"parent":0,"menu_order":192,"comment_status":"closed","ping_status":"closed","template":"","meta":{"inline_featured_image":false,"_genesis_hide_title":false,"_genesis_hide_breadcrumbs":false,"_genesis_hide_singular_image":false,"_genesis_hide_footer_widgets":false,"_genesis_custom_body_class":"","_genesis_custom_post_class":"","_genesis_layout":"","footnotes":""},"class_list":{"0":"post-1540","1":"page","2":"type-page","3":"status-publish","5":"entry","6":"override"},"_links":{"self":[{"href":"https:\/\/niedersachsen-aidshilfe-migration.de\/es\/wp-json\/wp\/v2\/pages\/1540","targetHints":{"allow":["GET"]}}],"collection":[{"href":"https:\/\/niedersachsen-aidshilfe-migration.de\/es\/wp-json\/wp\/v2\/pages"}],"about":[{"href":"https:\/\/niedersachsen-aidshilfe-migration.de\/es\/wp-json\/wp\/v2\/types\/page"}],"author":[{"embeddable":true,"href":"https:\/\/niedersachsen-aidshilfe-migration.de\/es\/wp-json\/wp\/v2\/users\/3"}],"replies":[{"embeddable":true,"href":"https:\/\/niedersachsen-aidshilfe-migration.de\/es\/wp-json\/wp\/v2\/comments?post=1540"}],"version-history":[{"count":0,"href":"https:\/\/niedersachsen-aidshilfe-migration.de\/es\/wp-json\/wp\/v2\/pages\/1540\/revisions"}],"wp:attachment":[{"href":"https:\/\/niedersachsen-aidshilfe-migration.de\/es\/wp-json\/wp\/v2\/media?parent=1540"}],"curies":[{"name":"wp","href":"https:\/\/api.w.org\/{rel}","templated":true}]}}