{"id":2978,"date":"2021-08-30T09:06:17","date_gmt":"2021-08-30T07:06:17","guid":{"rendered":"https:\/\/niedersachsen-aidshilfe-migration.de\/home\/"},"modified":"2025-12-16T21:33:21","modified_gmt":"2025-12-16T20:33:21","slug":"home","status":"publish","type":"page","link":"https:\/\/niedersachsen-aidshilfe-migration.de\/bg\/","title":{"rendered":"Home"},"content":{"rendered":"<div id=\"pl-2978\"  class=\"panel-layout\" ><div id=\"pg-2978-0\"  class=\"panel-grid panel-no-style\" ><div id=\"pgc-2978-0-0\"  class=\"panel-grid-cell panel-grid-cell-empty\" ><\/div><div id=\"pgc-2978-0-1\"  class=\"panel-grid-cell panel-grid-cell-mobile-last\" ><div id=\"panel-2978-0-1-0\" class=\"so-panel widget widget_siteorigin-panels-builder panel-first-child panel-last-child\" data-index=\"0\" ><div id=\"pl-w6941c211954dd\"  class=\"panel-layout\" ><div id=\"pg-w6941c211954dd-0\"  class=\"panel-grid panel-no-style\" ><div id=\"pgc-w6941c211954dd-0-0\"  class=\"panel-grid-cell\" ><div id=\"panel-w6941c211954dd-0-0-0\" class=\"so-panel widget widget_sow-editor panel-first-child panel-last-child\" data-index=\"0\" ><div class=\"panel-widget-style panel-widget-style-for-w6941c211954dd-0-0-0\" ><div\n\t\t\t\n\t\t\tclass=\"so-widget-sow-editor so-widget-sow-editor-base\"\n\t\t\t\n\t\t>\n<div class=\"siteorigin-widget-tinymce textwidget\">\n\t<p><a class=\"button-red\" href=\"https:\/\/niedersachsen-aidshilfe-migration.de\/gesundheit-selbstbestimmung-und-vielfalt-in-der-sexualitaet\/\">Gesundheit, Selbstbestimmung und Vielfalt in der Sexualit\u00e4t<br \/>\n(Deutsch)<\/a><\/p>\n<\/div>\n<\/div><\/div><\/div><\/div><div id=\"pgc-w6941c211954dd-0-1\"  class=\"panel-grid-cell\" ><div id=\"panel-w6941c211954dd-0-1-0\" class=\"so-panel widget widget_sow-editor panel-first-child panel-last-child\" data-index=\"1\" ><div class=\"panel-widget-style panel-widget-style-for-w6941c211954dd-0-1-0\" ><div\n\t\t\t\n\t\t\tclass=\"so-widget-sow-editor so-widget-sow-editor-base\"\n\t\t\t\n\t\t>\n<div class=\"siteorigin-widget-tinymce textwidget\">\n\t<p><a class=\"button-orange\" href=\"https:\/\/niedersachsen-aidshilfe-migration.de\/en\/sexual-health-autonomy-diversity\/\">Sexual health, autonomy and diversity<br \/>\n(Englisch)<\/a><\/p>\n<\/div>\n<\/div><\/div><\/div><\/div><div id=\"pgc-w6941c211954dd-0-2\"  class=\"panel-grid-cell\" ><div id=\"panel-w6941c211954dd-0-2-0\" class=\"so-panel widget widget_sow-editor panel-first-child panel-last-child\" data-index=\"2\" ><div class=\"panel-widget-style panel-widget-style-for-w6941c211954dd-0-2-0\" ><div\n\t\t\t\n\t\t\tclass=\"so-widget-sow-editor so-widget-sow-editor-base\"\n\t\t\t\n\t\t>\n<div class=\"siteorigin-widget-tinymce textwidget\">\n\t<p><a class=\"button-green\" href=\"https:\/\/niedersachsen-aidshilfe-migration.de\/fr\/sante-autodetermination-et-diversite-en-matiere-de-sexualite\/\">Sant\u00e9, autod\u00e9termination et diversit\u00e9 en mati\u00e8re de sexualit\u00e9<br \/>\n(Franz\u00f6sisch)<\/a><\/p>\n<\/div>\n<\/div><\/div><\/div><\/div><\/div><div id=\"pg-w6941c211954dd-1\"  class=\"panel-grid panel-has-style\" ><div class=\"panel-row-style panel-row-style-for-w6941c211954dd-1\" ><div id=\"pgc-w6941c211954dd-1-0\"  class=\"panel-grid-cell\" ><div id=\"panel-w6941c211954dd-1-0-0\" class=\"so-panel widget widget_sow-editor panel-first-child panel-last-child\" data-index=\"3\" ><div class=\"panel-widget-style panel-widget-style-for-w6941c211954dd-1-0-0\" ><div\n\t\t\t\n\t\t\tclass=\"so-widget-sow-editor so-widget-sow-editor-base\"\n\t\t\t\n\t\t>\n<div class=\"siteorigin-widget-tinymce textwidget\">\n\t<p><a class=\"button-violet\" href=\"https:\/\/niedersachsen-aidshilfe-migration.de\/fa\/%d8%b3%d9%84%d8%a7%d9%85%d8%aa%db%8c%d8%8c-%d8%ae%d9%88%d8%af%d9%85%d8%ae%d8%aa%d8%a7%d8%b1%db%8c-%d9%88-%d8%aa%d9%86%d9%88%d8%b9-%d8%af%d8%b1-%d8%b2%d9%85%db%8c%d9%86%d9%87-%d9%85%db%8c%d9%84\/\">\u0633\u0644\u0627\u0645\u062a\u06cc\u060c \u062e\u0648\u062f\u0645\u062e\u062a\u0627\u0631\u06cc \u0648 \u062a\u0646\u0648\u0639 \u062f\u0631 \u0632\u0645\u06cc\u0646\u0647 \u0645\u06cc\u0644 \u062c\u0646\u0633\u06cc<br \/>\n(Farsi)<\/a><\/p>\n<\/div>\n<\/div><\/div><\/div><\/div><div id=\"pgc-w6941c211954dd-1-1\"  class=\"panel-grid-cell\" ><div id=\"panel-w6941c211954dd-1-1-0\" class=\"so-panel widget widget_sow-image panel-first-child panel-last-child\" data-index=\"4\" ><div class=\"panel-widget-style panel-widget-style-for-w6941c211954dd-1-1-0\" ><div\n\t\t\t\n\t\t\tclass=\"so-widget-sow-image so-widget-sow-image-default-3a2476c0e107\"\n\t\t\t\n\t\t>\n<div class=\"sow-image-container\">\n\t\t<img \n\tsrc=\"https:\/\/niedersachsen-aidshilfe-migration.de\/wp-content\/uploads\/2021\/10\/heart_logo_tile_240x240.png\" width=\"1000\" height=\"1000\" srcset=\"https:\/\/niedersachsen-aidshilfe-migration.de\/wp-content\/uploads\/2021\/10\/heart_logo_tile_240x240.png 1000w, https:\/\/niedersachsen-aidshilfe-migration.de\/wp-content\/uploads\/2021\/10\/heart_logo_tile_240x240-300x300.png 300w, https:\/\/niedersachsen-aidshilfe-migration.de\/wp-content\/uploads\/2021\/10\/heart_logo_tile_240x240-150x150.png 150w, https:\/\/niedersachsen-aidshilfe-migration.de\/wp-content\/uploads\/2021\/10\/heart_logo_tile_240x240-768x768.png 768w\" sizes=\"(max-width: 1000px) 100vw, 1000px\" alt=\"\" \t\tclass=\"so-widget-image\"\/>\n\t<\/div>\n\n<\/div><\/div><\/div><\/div><div id=\"pgc-w6941c211954dd-1-2\"  class=\"panel-grid-cell\" ><div id=\"panel-w6941c211954dd-1-2-0\" class=\"so-panel widget widget_sow-editor panel-first-child panel-last-child\" data-index=\"5\" ><div class=\"panel-widget-style panel-widget-style-for-w6941c211954dd-1-2-0\" ><div\n\t\t\t\n\t\t\tclass=\"so-widget-sow-editor so-widget-sow-editor-base\"\n\t\t\t\n\t\t>\n<div class=\"siteorigin-widget-tinymce textwidget\">\n\t<p><a class=\"button-blue40\" href=\"https:\/\/niedersachsen-aidshilfe-migration.de\/ru\/%d1%81%d0%b5%d0%ba%d1%81%d1%83%d0%b0%d0%bb%d1%8c%d0%bd%d0%be%d0%b5_%d0%b7%d0%b4%d0%be%d1%80%d0%be%d0%b2%d1%8c%d0%b5_%d1%81%d0%b0%d0%bc%d0%be%d0%be%d0%bf%d1%80%d0%b5%d0%b4%d0%b5%d0%bb%d0%b5%d0%bd%d0%b8\/\">\u0421\u0435\u043a\u0441\u0443\u0430\u043b\u044c\u043d\u043e\u0435 \u0437\u0434\u043e\u0440\u043e\u0432\u044c\u0435, \u0441\u0430\u043c\u043e\u043e\u043f\u0440\u0435\u0434\u0435\u043b\u0435\u043d\u0438\u0435 \u0438 \u043c\u043d\u043e\u0433\u043e\u043e\u0431\u0440\u0430\u0437\u0438\u0435<br \/>\n(Russisch)<\/a><\/p>\n<\/div>\n<\/div><\/div><\/div><\/div><\/div><\/div><div id=\"pg-w6941c211954dd-2\"  class=\"panel-grid panel-has-style\" ><div class=\"panel-row-style panel-row-style-for-w6941c211954dd-2\" ><div id=\"pgc-w6941c211954dd-2-0\"  class=\"panel-grid-cell\" ><div id=\"panel-w6941c211954dd-2-0-0\" class=\"so-panel widget widget_sow-editor panel-first-child panel-last-child\" data-index=\"6\" ><div class=\"panel-widget-style panel-widget-style-for-w6941c211954dd-2-0-0\" ><div\n\t\t\t\n\t\t\tclass=\"so-widget-sow-editor so-widget-sow-editor-base\"\n\t\t\t\n\t\t>\n<div class=\"siteorigin-widget-tinymce textwidget\">\n\t<p><a class=\"button-blue60\" href=\"https:\/\/niedersachsen-aidshilfe-migration.de\/ar\/%d8%a7%d9%84%d8%b5%d8%ad%d8%a9-%d9%88%d8%ad%d8%b1%d9%8a%d8%a9-%d8%a7%d9%84%d9%82%d8%b1%d8%a7%d8%b1-%d9%88%d8%a7%d9%84%d8%aa%d9%86%d9%88%d8%b9-%d9%81%d9%8a-%d8%a7%d9%84%d8%ad%d9%8a%d8%a7%d8%a9-%d8%a7\/\">\u0627\u0644\u0635\u062d\u0629 \u0648\u062d\u0631\u064a\u0629 \u0627\u0644\u0642\u0631\u0627\u0631 \u0648\u0627\u0644\u062a\u0646\u0648\u0639 \u0641\u064a \u0627\u0644\u062d\u064a\u0627\u0629 \u0627\u0644\u062c\u0646\u0633\u064a\u0629<br \/>\n(Arabisch)<\/a><\/p>\n<\/div>\n<\/div><\/div><\/div><\/div><div id=\"pgc-w6941c211954dd-2-1\"  class=\"panel-grid-cell\" ><div id=\"panel-w6941c211954dd-2-1-0\" class=\"so-panel widget widget_sow-editor panel-first-child panel-last-child\" data-index=\"7\" ><div class=\"panel-widget-style panel-widget-style-for-w6941c211954dd-2-1-0\" ><div\n\t\t\t\n\t\t\tclass=\"so-widget-sow-editor so-widget-sow-editor-base\"\n\t\t\t\n\t\t>\n<div class=\"siteorigin-widget-tinymce textwidget\">\n\t<p><a class=\"button-orange60\" href=\"https:\/\/niedersachsen-aidshilfe-migration.de\/bg\/%d1%81%d0%b5%d0%ba%d1%81%d1%83%d0%b0%d0%bb%d0%bd%d0%be-%d0%b7%d0%b4%d1%80%d0%b0%d0%b2%d0%b5-%d1%81%d0%b0%d0%bc%d0%be%d0%be%d0%bf%d1%80%d0%b5%d0%b4%d0%b5%d0%bb%d1%8f%d0%bd%d0%b5-%d0%b8-%d0%bc%d0%bd\/\">\u0421\u0435\u043a\u0441\u0443\u0430\u043b\u043d\u043e \u0437\u0434\u0440\u0430\u0432\u0435, \u0441\u0430\u043c\u043e\u043e\u043f\u0440\u0435\u0434\u0435\u043b\u044f\u043d\u0435 \u0438 \u043c\u043d\u043e\u0433\u043e\u043e\u0431\u0440\u0430\u0437\u0438\u0435<br \/>\n(Bulgarisch)<\/a><\/p>\n<\/div>\n<\/div><\/div><\/div><\/div><div id=\"pgc-w6941c211954dd-2-2\"  class=\"panel-grid-cell\" ><div id=\"panel-w6941c211954dd-2-2-0\" class=\"so-panel widget widget_sow-editor panel-first-child panel-last-child\" data-index=\"8\" ><div class=\"panel-widget-style panel-widget-style-for-w6941c211954dd-2-2-0\" ><div\n\t\t\t\n\t\t\tclass=\"so-widget-sow-editor so-widget-sow-editor-base\"\n\t\t\t\n\t\t>\n<div class=\"siteorigin-widget-tinymce textwidget\">\n\t<p><a class=\"button-yellow\" href=\"https:\/\/niedersachsen-aidshilfe-migration.de\/ro\/sanatatea-autodeterminarea-si-diversitatea-sexuala\/\">S\u0103n\u0103tatea, autodeterminarea \u0219i diversitatea sexual\u0103<br \/>\n(Rum\u00e4nisch)<\/a><\/p>\n<\/div>\n<\/div><\/div><\/div><\/div><\/div><\/div><div id=\"pg-w6941c211954dd-3\"  class=\"panel-grid panel-has-style\" ><div class=\"panel-row-style panel-row-style-for-w6941c211954dd-3\" ><div id=\"pgc-w6941c211954dd-3-0\"  class=\"panel-grid-cell\" ><div id=\"panel-w6941c211954dd-3-0-0\" class=\"so-panel widget widget_sow-editor panel-first-child panel-last-child\" data-index=\"9\" ><div class=\"panel-widget-style panel-widget-style-for-w6941c211954dd-3-0-0\" ><div\n\t\t\t\n\t\t\tclass=\"so-widget-sow-editor so-widget-sow-editor-base\"\n\t\t\t\n\t\t>\n<div class=\"siteorigin-widget-tinymce textwidget\">\n\t<p><a class=\"button-green60\" href=\"https:\/\/niedersachsen-aidshilfe-migration.de\/uk\/%d0%b7%d0%b4%d0%be%d1%80%d0%be%d0%b2%d1%8f-%d1%81%d0%b0%d0%bc%d0%be%d0%b2%d0%b8%d0%b7%d0%bd%d0%b0%d1%87%d0%b5%d0%bd%d0%bd%d1%8f-%d1%82%d0%b0-%d1%80%d1%96%d0%b7%d0%bd%d0%be%d0%bc%d0%b0%d0%bd%d1%96\/\">\u0417\u0434\u043e\u0440\u043e\u0432\u2019\u044f, \u0441\u0430\u043c\u043e\u0432\u0438\u0437\u043d\u0430\u0447\u0435\u043d\u043d\u044f \u0442\u0430 \u0440\u0456\u0437\u043d\u043e\u043c\u0430\u043d\u0456\u0442\u0442\u044f \u0443 \u0441\u0435\u043a\u0441\u0443\u0430\u043b\u044c\u043d\u043e\u0441\u0442\u0456<br \/>\n(Ukrainisch)<\/a><\/p>\n<\/div>\n<\/div><\/div><\/div><\/div><div id=\"pgc-w6941c211954dd-3-1\"  class=\"panel-grid-cell\" ><div id=\"panel-w6941c211954dd-3-1-0\" class=\"so-panel widget widget_sow-editor panel-first-child panel-last-child\" data-index=\"10\" ><div class=\"panel-widget-style panel-widget-style-for-w6941c211954dd-3-1-0\" ><div\n\t\t\t\n\t\t\tclass=\"so-widget-sow-editor so-widget-sow-editor-base\"\n\t\t\t\n\t\t>\n<div class=\"siteorigin-widget-tinymce textwidget\">\n\t<p><a class=\"button-violet55\" href=\"https:\/\/niedersachsen-aidshilfe-migration.de\/pl\/zdrowie-wolnosc-seksualna-i-roznorodnosc-seksualna\">Zdrowie, wolno\u015b\u0107 seksualna i r\u00f3\u017cnorodno\u015b\u0107 seksualna<br \/>\n(Polnisch)<\/a><\/p>\n<\/div>\n<\/div><\/div><\/div><\/div><div id=\"pgc-w6941c211954dd-3-2\"  class=\"panel-grid-cell\" ><div id=\"panel-w6941c211954dd-3-2-0\" class=\"so-panel widget widget_sow-editor panel-first-child panel-last-child\" data-index=\"11\" ><div class=\"panel-widget-style panel-widget-style-for-w6941c211954dd-3-2-0\" ><div\n\t\t\t\n\t\t\tclass=\"so-widget-sow-editor so-widget-sow-editor-base\"\n\t\t\t\n\t\t>\n<div class=\"siteorigin-widget-tinymce textwidget\">\n\t<p><a class=\"button-blue\" href=\"https:\/\/niedersachsen-aidshilfe-migration.de\/es\/salud-autodeterminacion-y-diversidad-sexual\/\">Salud, autodeterminaci\u00f3n y diversidad sexual<br \/>\n(Spanisch)<\/a><\/p>\n<\/div>\n<\/div><\/div><\/div><\/div><\/div><\/div><\/div><\/div><\/div><div id=\"pgc-2978-0-2\"  class=\"panel-grid-cell panel-grid-cell-empty\" ><\/div><\/div><\/div>","protected":false},"excerpt":{"rendered":"<p>Gesundheit, Selbstbestimmung und Vielfalt in der Sexualit\u00e4t (Deutsch) Sexual health, autonomy and diversity (Englisch) Sant\u00e9, autod\u00e9termination et diversit\u00e9 en mati\u00e8re de sexualit\u00e9 (Franz\u00f6sisch) \u0633\u0644\u0627\u0645\u062a\u06cc\u060c \u062e\u0648\u062f\u0645\u062e\u062a\u0627\u0631\u06cc \u0648 \u062a\u0646\u0648\u0639 \u062f\u0631 \u0632\u0645\u06cc\u0646\u0647 \u0645\u06cc\u0644 \u062c\u0646\u0633\u06cc (Farsi) \u0421\u0435\u043a\u0441\u0443\u0430\u043b\u044c\u043d\u043e\u0435 \u0437\u0434\u043e\u0440\u043e\u0432\u044c\u0435, \u0441\u0430\u043c\u043e\u043e\u043f\u0440\u0435\u0434\u0435\u043b\u0435\u043d\u0438\u0435 \u0438 \u043c\u043d\u043e\u0433\u043e\u043e\u0431\u0440\u0430\u0437\u0438\u0435 (Russisch) \u0627\u0644\u0635\u062d\u0629 \u0648\u062d\u0631\u064a\u0629 \u0627\u0644\u0642\u0631\u0627\u0631 \u0648\u0627\u0644\u062a\u0646\u0648\u0639 \u0641\u064a \u0627\u0644\u062d\u064a\u0627\u0629 \u0627\u0644\u062c\u0646\u0633\u064a\u0629 (Arabisch) \u0421\u0435\u043a\u0441\u0443\u0430\u043b\u043d\u043e \u0437\u0434\u0440\u0430\u0432\u0435, \u0441\u0430\u043c\u043e\u043e\u043f\u0440\u0435\u0434\u0435\u043b\u044f\u043d\u0435 \u0438 \u043c\u043d\u043e\u0433\u043e\u043e\u0431\u0440\u0430\u0437\u0438\u0435 (Bulgarisch) S\u0103n\u0103tatea, autodeterminarea \u0219i [&hellip;]<\/p>\n","protected":false},"author":1,"featured_media":0,"parent":0,"menu_order":217,"comment_status":"closed","ping_status":"closed","template":"landing.php","meta":{"inline_featured_image":false,"_genesis_hide_title":false,"_genesis_hide_breadcrumbs":false,"_genesis_hide_singular_image":false,"_genesis_hide_footer_widgets":false,"_genesis_custom_body_class":"","_genesis_custom_post_class":"","_genesis_layout":"full-width-content","footnotes":""},"class_list":{"0":"post-2978","1":"page","2":"type-page","3":"status-publish","5":"entry","6":"override"},"_links":{"self":[{"href":"https:\/\/niedersachsen-aidshilfe-migration.de\/bg\/wp-json\/wp\/v2\/pages\/2978","targetHints":{"allow":["GET"]}}],"collection":[{"href":"https:\/\/niedersachsen-aidshilfe-migration.de\/bg\/wp-json\/wp\/v2\/pages"}],"about":[{"href":"https:\/\/niedersachsen-aidshilfe-migration.de\/bg\/wp-json\/wp\/v2\/types\/page"}],"author":[{"embeddable":true,"href":"https:\/\/niedersachsen-aidshilfe-migration.de\/bg\/wp-json\/wp\/v2\/users\/1"}],"replies":[{"embeddable":true,"href":"https:\/\/niedersachsen-aidshilfe-migration.de\/bg\/wp-json\/wp\/v2\/comments?post=2978"}],"version-history":[{"count":2,"href":"https:\/\/niedersachsen-aidshilfe-migration.de\/bg\/wp-json\/wp\/v2\/pages\/2978\/revisions"}],"predecessor-version":[{"id":4524,"href":"https:\/\/niedersachsen-aidshilfe-migration.de\/bg\/wp-json\/wp\/v2\/pages\/2978\/revisions\/4524"}],"wp:attachment":[{"href":"https:\/\/niedersachsen-aidshilfe-migration.de\/bg\/wp-json\/wp\/v2\/media?parent=2978"}],"curies":[{"name":"wp","href":"https:\/\/api.w.org\/{rel}","templated":true}]}}